{"id":39080,"date":"2017-01-12T18:50:04","date_gmt":"2017-01-12T20:50:04","guid":{"rendered":"https:\/\/redeicm.org.br\/maededeus\/?page_id=39080"},"modified":"2024-11-18T14:07:51","modified_gmt":"2024-11-18T17:07:51","slug":"ensino-fundamental-anos-iniciais","status":"publish","type":"page","link":"https:\/\/legado.redeicm.org.br\/cristorei\/ensino-fundamental-anos-iniciais\/","title":{"rendered":"Ensino Fundamental &#8211; Anos Iniciais"},"content":{"rendered":"<section class=\"wpb-content-wrapper\"><section class=\"l-section wpb_row height_medium\"><div class=\"l-section-h i-cf\"><div class=\"g-cols vc_row via_grid cols_1 laptops-cols_inherit tablets-cols_inherit mobiles-cols_1 valign_top type_default stacking_default\"><div class=\"wpb_column vc_column_container\"><div class=\"vc_column-inner\"><div class=\"wpb_text_column\"><div class=\"wpb_wrapper\"><p>NOS ANOS INICIAIS DO ENSINO FUNDAMENTAL \u00e9 oportunizado:<br \/>\n&#8211; o desenvolvimento integral do educando;<br \/>\n&#8211; a constru\u00e7\u00e3o de conhecimentos b\u00e1sicos, sistematizados e significativos;<br \/>\n&#8211; o dom\u00ednio de instrumentos de compreens\u00e3o cr\u00edtica da realidade, da auto-express\u00e3o e da comunica\u00e7\u00e3o social;<br \/>\n&#8211; a forma\u00e7\u00e3o para a cidadania, integra\u00e7\u00e3o e a participa\u00e7\u00e3o na conviv\u00eancia humana;<br \/>\n&#8211; a forma\u00e7\u00e3o de uma consci\u00eancia social, cr\u00edtica, solid\u00e1ria e democr\u00e1tica.<\/p>\n<p>Indicadores de sa\u00edda para a etapa doo Ensino Fundamental ANOS INICIAIS:<\/p>\n<p>&#8211; Leitura compreensiva;<br \/>\n&#8211; Saber admirar;<br \/>\n&#8211; Capacidade de estabelecer rela\u00e7\u00f5es;<br \/>\n&#8211; Expressar ideias logicamente;<br \/>\n&#8211; Consci\u00eancia de sua corporeidade;<br \/>\n&#8211; Utiliza\u00e7\u00e3o do c\u00f3digo ortogr\u00e1fico;<br \/>\n&#8211; Atitude investigat\u00f3ria, criativa, cooperativa, aut\u00f4noma e solid\u00e1ria.<\/p>\n<p>&nbsp;<\/p>\n<p><b>Idade para Ingresso\u00a0<\/b><\/p>\n<p><b>1\u00ba ano:<\/b><span style=\"font-weight: 400\"> 6 anos completos at\u00e9 31 de mar\u00e7o do ano letivo.<\/span><\/p>\n<p><span style=\"font-weight: 400\">Os Anos Iniciais do Ensino Fundamental, desenvolvem um processo formativo de integral, ampliando a socializa\u00e7\u00e3o e o conhecimento atrav\u00e9s de:<\/span><\/p>\n<ul>\n<li style=\"font-weight: 400\"><span style=\"font-weight: 400\">Coopera\u00e7\u00e3o e consci\u00eancia coletiva\u00a0<\/span><\/li>\n<li style=\"font-weight: 400\"><span style=\"font-weight: 400\">Inicia\u00e7\u00e3o Cient\u00edfica e Aprendizagem investigativa<\/span><\/li>\n<li style=\"font-weight: 400\"><span style=\"font-weight: 400\">Espa\u00e7os L\u00fadicos e Inovadores<\/span><\/li>\n<li style=\"font-weight: 400\"><span style=\"font-weight: 400\">Compet\u00eancia Comunicativa\u00a0<\/span><\/li>\n<li style=\"font-weight: 400\"><span style=\"font-weight: 400\">Consci\u00eancia ecol\u00f3gica\u00a0<\/span><\/li>\n<li style=\"font-weight: 400\"><span style=\"font-weight: 400\">Educa\u00e7\u00e3o financeira<\/span><\/li>\n<\/ul>\n<\/div><\/div><\/div><\/div><\/div><\/div><\/section>\n<div class=\"angwp_45735 _ning_cont _ning_hidden _ning_outer _align_center responsive\" data-size=\"300x250\" data-bid=\"45735\" data-aid=\"0\" style=\"max-width:300px; width:100%;height:inherit;\"><div class=\"_ning_label _left\" style=\"\"><\/div><div class=\"_ning_inner\" style=\"\"><\/div><\/div><div class=\"clear\"><\/div><\/section>","protected":false},"excerpt":{"rendered":"NOS ANOS INICIAIS DO ENSINO FUNDAMENTAL \u00e9 oportunizado: &#8211; o desenvolvimento integral do educando; &#8211; a constru\u00e7\u00e3o de conhecimentos b\u00e1sicos, sistematizados e significativos; &#8211; o dom\u00ednio de instrumentos de compreens\u00e3o cr\u00edtica da realidade, da auto-express\u00e3o e da comunica\u00e7\u00e3o social; &#8211; a forma\u00e7\u00e3o para a cidadania, integra\u00e7\u00e3o e a participa\u00e7\u00e3o na conviv\u00eancia humana; &#8211; a forma\u00e7\u00e3o...","protected":false},"author":55,"featured_media":0,"parent":0,"menu_order":0,"comment_status":"closed","ping_status":"closed","template":"","meta":{"_acf_changed":false,"_monsterinsights_skip_tracking":false,"_monsterinsights_sitenote_active":false,"_monsterinsights_sitenote_note":"","_monsterinsights_sitenote_category":0,"footnotes":""},"class_list":["post-39080","page","type-page","status-publish","hentry"],"acf":[],"_links":{"self":[{"href":"https:\/\/legado.redeicm.org.br\/cristorei\/wp-json\/wp\/v2\/pages\/39080"}],"collection":[{"href":"https:\/\/legado.redeicm.org.br\/cristorei\/wp-json\/wp\/v2\/pages"}],"about":[{"href":"https:\/\/legado.redeicm.org.br\/cristorei\/wp-json\/wp\/v2\/types\/page"}],"author":[{"embeddable":true,"href":"https:\/\/legado.redeicm.org.br\/cristorei\/wp-json\/wp\/v2\/users\/55"}],"replies":[{"embeddable":true,"href":"https:\/\/legado.redeicm.org.br\/cristorei\/wp-json\/wp\/v2\/comments?post=39080"}],"version-history":[{"count":3,"href":"https:\/\/legado.redeicm.org.br\/cristorei\/wp-json\/wp\/v2\/pages\/39080\/revisions"}],"predecessor-version":[{"id":56210,"href":"https:\/\/legado.redeicm.org.br\/cristorei\/wp-json\/wp\/v2\/pages\/39080\/revisions\/56210"}],"wp:attachment":[{"href":"https:\/\/legado.redeicm.org.br\/cristorei\/wp-json\/wp\/v2\/media?parent=39080"}],"curies":[{"name":"wp","href":"https:\/\/api.w.org\/{rel}","templated":true}]}}