{"id":39080,"date":"2017-01-12T18:50:04","date_gmt":"2017-01-12T20:50:04","guid":{"rendered":"https:\/\/redeicm.org.br\/maededeus\/?page_id=39080"},"modified":"2019-07-03T21:35:14","modified_gmt":"2019-07-04T00:35:14","slug":"ensino-fundamental-anos-iniciais","status":"publish","type":"page","link":"https:\/\/legado.redeicm.org.br\/coracaodemaria\/ensino-fundamental-anos-iniciais\/","title":{"rendered":"Ensino Fundamental &#8211; Anos Iniciais"},"content":{"rendered":"<h6 style=\"text-align: justify\">\u00a0 \u00a0 \u00a0Os <strong>Anos Iniciais do Ensino Fundamental<\/strong>, no Col\u00e9gio Cora\u00e7\u00e3o de Maria &#8211; Rede ICM de Educa\u00e7\u00e3o, desenvolvem um processo formativo integral, ampliando a socializa\u00e7\u00e3o e o conhecimento atrav\u00e9s de:<\/h6>\n<h6 class=\"thim-text-title\"><strong>COOPERA\u00c7\u00c3O E CONSCI\u00caNCIA COLETIVA<\/strong><\/h6>\n<blockquote>\n<h6 class=\"thim-text-title\" style=\"text-align: justify\">O aluno no Ensino Fundamental Anos Iniciais na Rede ICM de Educa\u00e7\u00e3o, constr\u00f3i as habilidades socioemocionais que permitem o trabalho em equipe, de forma solid\u00e1ria e interativa, respeitando as diferen\u00e7as e desenvolvendo a capacidade de estabelecer e manter rela\u00e7\u00f5es baseadas no di\u00e1logo, na \u00e9tica e na coopera\u00e7\u00e3o.<\/h6>\n<p><img loading=\"lazy\" decoding=\"async\" class=\"wp-image-40698 aligncenter\" src=\"https:\/\/legado.redeicm.org.br\/coracaodemaria\/wp-content\/uploads\/sites\/6\/2019\/07\/IMG_9747-M\u00e9dio-300x200.jpg\" alt=\"\" width=\"422\" height=\"281\" srcset=\"https:\/\/legado.redeicm.org.br\/coracaodemaria\/wp-content\/uploads\/sites\/6\/2019\/07\/IMG_9747-M\u00e9dio-300x200.jpg 300w, https:\/\/legado.redeicm.org.br\/coracaodemaria\/wp-content\/uploads\/sites\/6\/2019\/07\/IMG_9747-M\u00e9dio-768x512.jpg 768w, https:\/\/legado.redeicm.org.br\/coracaodemaria\/wp-content\/uploads\/sites\/6\/2019\/07\/IMG_9747-M\u00e9dio-1024x683.jpg 1024w, https:\/\/legado.redeicm.org.br\/coracaodemaria\/wp-content\/uploads\/sites\/6\/2019\/07\/IMG_9747-M\u00e9dio-600x400.jpg 600w, https:\/\/legado.redeicm.org.br\/coracaodemaria\/wp-content\/uploads\/sites\/6\/2019\/07\/IMG_9747-M\u00e9dio.jpg 1152w\" sizes=\"(max-width: 422px) 100vw, 422px\" \/><\/p><\/blockquote>\n<div class=\"wpb_column vc_column_container vc_col-sm-4\">\n<div class=\"vc_column-inner\">\n<div class=\"wpb_wrapper\">\n<div class=\"wpb_text_column wpb_content_element \">\n<div class=\"wpb_wrapper\">\n<h6 class=\"thim-text-title\" style=\"text-align: justify\"><strong>INICIA\u00c7\u00c3O CIENT\u00cdFICA E APRENDIZAGEM INVESTIGATIVA<\/strong><\/h6>\n<blockquote>\n<h6 style=\"text-align: justify\">Nas Unidades de Ensino da Rede ICM de Educa\u00e7\u00e3o, os alunos Integram, de forma qualificada, ci\u00eancia e tecnologia com vistas ao desenvolvimento da compet\u00eancia investigativa, dos procedimentos de pesquisa cient\u00edfica, ampliando seu olhar investigativo e sua capacidade de estabelecer rela\u00e7\u00f5es.<\/h6>\n<\/blockquote>\n<h6><img loading=\"lazy\" decoding=\"async\" class=\"wp-image-40699 aligncenter\" src=\"https:\/\/legado.redeicm.org.br\/coracaodemaria\/wp-content\/uploads\/sites\/6\/2019\/07\/IMG_9940-M\u00e9dio-300x200.jpg\" alt=\"\" width=\"428\" height=\"285\" srcset=\"https:\/\/legado.redeicm.org.br\/coracaodemaria\/wp-content\/uploads\/sites\/6\/2019\/07\/IMG_9940-M\u00e9dio-300x200.jpg 300w, https:\/\/legado.redeicm.org.br\/coracaodemaria\/wp-content\/uploads\/sites\/6\/2019\/07\/IMG_9940-M\u00e9dio-768x512.jpg 768w, https:\/\/legado.redeicm.org.br\/coracaodemaria\/wp-content\/uploads\/sites\/6\/2019\/07\/IMG_9940-M\u00e9dio-1024x683.jpg 1024w, https:\/\/legado.redeicm.org.br\/coracaodemaria\/wp-content\/uploads\/sites\/6\/2019\/07\/IMG_9940-M\u00e9dio-600x400.jpg 600w, https:\/\/legado.redeicm.org.br\/coracaodemaria\/wp-content\/uploads\/sites\/6\/2019\/07\/IMG_9940-M\u00e9dio.jpg 1152w\" sizes=\"(max-width: 428px) 100vw, 428px\" \/><\/h6>\n<h6 class=\"thim-text-title\" style=\"text-align: justify\"><strong>ESPA\u00c7OS L\u00daDICOS E INOVADORES<\/strong><\/h6>\n<blockquote>\n<h6 style=\"text-align: justify\">Os espa\u00e7os de aprendizagem, na Rede ICM de Educa\u00e7\u00e3o, \u00a0s\u00e3o alegres, interativos, organizados que agu\u00e7am a criatividade, agregando a import\u00e2ncia do pensar e argumentar com a ludicidade, a intera\u00e7\u00e3o, a autonomia e a viv\u00eancia de valores.<\/h6>\n<p><img loading=\"lazy\" decoding=\"async\" class=\" wp-image-40725 aligncenter\" src=\"https:\/\/legado.redeicm.org.br\/coracaodemaria\/wp-content\/uploads\/sites\/6\/2019\/07\/IMG_9926-M\u00e9dio-300x200.jpg\" alt=\"\" width=\"482\" height=\"321\" srcset=\"https:\/\/legado.redeicm.org.br\/coracaodemaria\/wp-content\/uploads\/sites\/6\/2019\/07\/IMG_9926-M\u00e9dio-300x200.jpg 300w, https:\/\/legado.redeicm.org.br\/coracaodemaria\/wp-content\/uploads\/sites\/6\/2019\/07\/IMG_9926-M\u00e9dio-768x512.jpg 768w, https:\/\/legado.redeicm.org.br\/coracaodemaria\/wp-content\/uploads\/sites\/6\/2019\/07\/IMG_9926-M\u00e9dio-1024x683.jpg 1024w, https:\/\/legado.redeicm.org.br\/coracaodemaria\/wp-content\/uploads\/sites\/6\/2019\/07\/IMG_9926-M\u00e9dio-600x400.jpg 600w, https:\/\/legado.redeicm.org.br\/coracaodemaria\/wp-content\/uploads\/sites\/6\/2019\/07\/IMG_9926-M\u00e9dio.jpg 1152w\" sizes=\"(max-width: 482px) 100vw, 482px\" \/><\/p><\/blockquote>\n<\/div>\n<\/div>\n<\/div>\n<\/div>\n<\/div>\n<h6 class=\"thim-text-title\"><strong>COMPET\u00caNCIA COMUNICATIVA<\/strong><\/h6>\n<blockquote>\n<h6 style=\"text-align: justify\">A compet\u00eancia comunicativa, inserida no dia a dia das Escolas da Rede ICM de Educa\u00e7\u00e3o, potencializa a capacidade de comunica\u00e7\u00e3o e de express\u00e3o, possibilitando ao aluno o desenvolvimento da autoria e da criticidade, atrav\u00e9s da leitura, da interpreta\u00e7\u00e3o e da intera\u00e7\u00e3o com o universo cultural e com as diferentes linguagens.<\/h6>\n<\/blockquote>\n<h6 class=\"thim-text-title\"><strong>CONSCI\u00caNCIA ECOL\u00d3GICA<\/strong><\/h6>\n<blockquote>\n<h6 style=\"text-align: justify\">As Unidades de Ensino da Rede ICM de Educa\u00e7\u00e3o estimulam a pr\u00e1tica de uma vida saud\u00e1vel e sustent\u00e1vel, visando ao cuidado consigo, com o outro e com o ambiente, de modo a contribuir com o equil\u00edbrio do ecossistema e com a melhoria da qualidade de vida no Planeta.<\/h6>\n<\/blockquote>\n<h6 class=\"thim-text-title\"><strong>EDUCA\u00c7\u00c3O FINANCEIRA<\/strong><\/h6>\n<blockquote>\n<h6 style=\"text-align: justify\">A Rede ICM de Educa\u00e7\u00e3o, em suas Unidades, desenvolve o senso de organiza\u00e7\u00e3o e a compreens\u00e3o de que as coisas t\u00eam pre\u00e7o e t\u00eam valor. Incentiva a administra\u00e7\u00e3o de recursos e o consumo consciente numa vis\u00e3o coletiva e humanit\u00e1ria.<\/h6>\n<\/blockquote>\n<p>&nbsp;<\/p>\n<div class=\"angwp_41138 _ning_cont _ning_hidden _ning_outer _align_center responsive\" data-size=\"300x250\" data-bid=\"41138\" data-aid=\"0\" style=\"max-width:300px; width:100%;height:inherit;\"><div class=\"_ning_label _left\" style=\"\"><\/div><div class=\"_ning_inner\" style=\"\"><\/div><\/div><div class=\"clear\"><\/div>","protected":false},"excerpt":{"rendered":"<p>\u00a0 \u00a0 \u00a0Os Anos Iniciais do Ensino Fundamental, no Col\u00e9gio Cora\u00e7\u00e3o de Maria &#8211; Rede ICM de Educa\u00e7\u00e3o, desenvolvem um processo formativo integral, ampliando a socializa\u00e7\u00e3o e o conhecimento atrav\u00e9s de: COOPERA\u00c7\u00c3O E CONSCI\u00caNCIA COLETIVA O aluno no Ensino Fundamental Anos Iniciais na Rede ICM de Educa\u00e7\u00e3o, constr\u00f3i as habilidades socioemocionais que permitem o trabalho&#8230;<\/p>\n","protected":false},"author":97,"featured_media":0,"parent":0,"menu_order":0,"comment_status":"closed","ping_status":"closed","template":"","meta":{"_acf_changed":false,"_monsterinsights_skip_tracking":false,"_monsterinsights_sitenote_active":false,"_monsterinsights_sitenote_note":"","_monsterinsights_sitenote_category":0,"footnotes":""},"class_list":["post-39080","page","type-page","status-publish","hentry"],"acf":[],"_links":{"self":[{"href":"https:\/\/legado.redeicm.org.br\/coracaodemaria\/wp-json\/wp\/v2\/pages\/39080"}],"collection":[{"href":"https:\/\/legado.redeicm.org.br\/coracaodemaria\/wp-json\/wp\/v2\/pages"}],"about":[{"href":"https:\/\/legado.redeicm.org.br\/coracaodemaria\/wp-json\/wp\/v2\/types\/page"}],"author":[{"embeddable":true,"href":"https:\/\/legado.redeicm.org.br\/coracaodemaria\/wp-json\/wp\/v2\/users\/97"}],"replies":[{"embeddable":true,"href":"https:\/\/legado.redeicm.org.br\/coracaodemaria\/wp-json\/wp\/v2\/comments?post=39080"}],"version-history":[{"count":14,"href":"https:\/\/legado.redeicm.org.br\/coracaodemaria\/wp-json\/wp\/v2\/pages\/39080\/revisions"}],"predecessor-version":[{"id":40735,"href":"https:\/\/legado.redeicm.org.br\/coracaodemaria\/wp-json\/wp\/v2\/pages\/39080\/revisions\/40735"}],"wp:attachment":[{"href":"https:\/\/legado.redeicm.org.br\/coracaodemaria\/wp-json\/wp\/v2\/media?parent=39080"}],"curies":[{"name":"wp","href":"https:\/\/api.w.org\/{rel}","templated":true}]}}