{"id":39078,"date":"2017-01-12T18:49:07","date_gmt":"2017-01-12T20:49:07","guid":{"rendered":"https:\/\/redeicm.org.br\/maededeus\/?page_id=39078"},"modified":"2023-06-01T16:06:42","modified_gmt":"2023-06-01T19:06:42","slug":"educacao-infantil","status":"publish","type":"page","link":"https:\/\/legado.redeicm.org.br\/coracaodemaria\/educacao-infantil\/","title":{"rendered":"Educa\u00e7\u00e3o Infantil"},"content":{"rendered":"<section class=\"wpb-content-wrapper\"><section class=\"l-section wpb_row height_medium\"><div class=\"l-section-h i-cf\"><div class=\"g-cols vc_row via_grid cols_1 laptops-cols_inherit tablets-cols_inherit mobiles-cols_1 valign_top type_default stacking_default\"><div class=\"wpb_column vc_column_container\"><div class=\"vc_column-inner\"><div class=\"wpb_text_column\"><div class=\"wpb_wrapper\"><h5 style=\"text-align: justify\">\u00a0 \u00a0 \u00a0 \u00a0 \u00a0As fam\u00edlias encontram na <strong>Educa\u00e7\u00e3o Infantil do Col\u00e9gio Cora\u00e7\u00e3o de Maria &#8211; Rede ICM de Educa\u00e7\u00e3o<\/strong>, uma proposta de aprendizagem integral, valorizando cada experi\u00eancia vivenciada e desenvolvendo na crian\u00e7a:<\/h5>\n<h4 class=\"thim-text-title\">IDENTIDADE E AUTONOMIA<\/h4>\n<blockquote>\n<h6 style=\"text-align: justify\">\u00a0 \u00a0 \u00a0 \u00a0 A crian\u00e7a na Educa\u00e7\u00e3o Infantil da Rede ICM de Educa\u00e7\u00e3o desenvolve a constru\u00e7\u00e3o da identidade e da autonomia, num processo de intera\u00e7\u00e3o, afetividade, diversidade, constru\u00e7\u00e3o e apropria\u00e7\u00e3o de regras de conviv\u00eancia, a\u00e7\u00f5es de autocuidado e confian\u00e7a em suas capacidades, despertando os sentimentos e atitudes de solidariedade e respeito m\u00fatuo.<\/h6>\n<\/blockquote>\n<h4 class=\"thim-text-title\">CRIATIVIDADE<\/h4>\n<blockquote>\n<h6 style=\"text-align: justify\">\u00a0 \u00a0 \u00a0 \u00a0 Na Rede ICM de Educa\u00e7\u00e3o a crian\u00e7a \u00a0estimula o pensamento criativo, o encantamento pela descoberta, imagina\u00e7\u00e3o, fantasia, desafios, explora\u00e7\u00f5es individuais e coletivas. Potencializa curiosidade em pesquisar, interagir com os ambientes, a perguntar, a brincar com as ideias e a pensar de maneira flex\u00edvel.<\/h6>\n<\/blockquote>\n<p><img loading=\"lazy\" decoding=\"async\" class=\"wp-image-40695 aligncenter\" src=\"https:\/\/legado.redeicm.org.br\/coracaodemaria\/wp-content\/uploads\/sites\/6\/2019\/07\/IMG_9773-M\u00e9dio-300x200.jpg\" alt=\"\" width=\"446\" height=\"297\" srcset=\"https:\/\/legado.redeicm.org.br\/coracaodemaria\/wp-content\/uploads\/sites\/6\/2019\/07\/IMG_9773-M\u00e9dio-300x200.jpg 300w, https:\/\/legado.redeicm.org.br\/coracaodemaria\/wp-content\/uploads\/sites\/6\/2019\/07\/IMG_9773-M\u00e9dio-768x512.jpg 768w, https:\/\/legado.redeicm.org.br\/coracaodemaria\/wp-content\/uploads\/sites\/6\/2019\/07\/IMG_9773-M\u00e9dio-1024x683.jpg 1024w, https:\/\/legado.redeicm.org.br\/coracaodemaria\/wp-content\/uploads\/sites\/6\/2019\/07\/IMG_9773-M\u00e9dio-600x400.jpg 600w, https:\/\/legado.redeicm.org.br\/coracaodemaria\/wp-content\/uploads\/sites\/6\/2019\/07\/IMG_9773-M\u00e9dio.jpg 1152w\" sizes=\"(max-width: 446px) 100vw, 446px\" \/><\/p>\n<h4 class=\"thim-text-title\">ESPA\u00c7OS L\u00daDICOS E CRIATIVOS<\/h4>\n<blockquote>\n<h6 style=\"text-align: justify\">\u00a0 \u00a0 \u00a0 Na Rede ICM de Educa\u00e7\u00e3o os espa\u00e7os apresentam um design inovador, diferenciado, com ambientes amplos, organizados, coloridos, comunicativos e acolhedores. Os materiais, brinquedos e brincadeiras s\u00e3o utilizados como incentivo para a explora\u00e7\u00e3o, a troca, a descoberta e a aprendizagem.<\/h6>\n<\/blockquote>\n<h4 class=\"thim-text-title\">APRENDENDO EM DIFERENTES LINGUAGENS<\/h4>\n<blockquote>\n<h6 style=\"text-align: justify\">\u00a0 \u00a0 \u00a0 \u00a0 \u00a0O processo educativo da Educa\u00e7\u00e3o Infantil na Rede ICM de Educa\u00e7\u00e3o, valoriza as diferentes linguagens utilizadas pelas crian\u00e7as em sua intera\u00e7\u00e3o com o mundo. Fala, escrita, representa\u00e7\u00f5es gr\u00e1ficas, gestos, olhares, comportamentos, produ\u00e7\u00f5es, brincadeiras e jogos s\u00e3o utilizadas pelas crian\u00e7as para expressar seus sonhos, temores, curiosidades, sentimentos e espiritualidade, ancorados na media\u00e7\u00e3o sens\u00edvel e cuidadosa do adulto.<\/h6>\n<\/blockquote>\n<h4 class=\"thim-text-title\">CUIDADO, CONVIV\u00caNCIA E AFETO<\/h4>\n<blockquote>\n<h6 style=\"text-align: justify\">\u00a0 \u00a0 \u00a0 \u00a0 \u00a0 \u00a0 A Rede ICM de Educa\u00e7\u00e3o oferece um ambiente seguro, acolhedor, com base em valores de coopera\u00e7\u00e3o, respeito, partilha e solidariedade, o qual proporciona viv\u00eancias e conviv\u00eancias estimuladoras para o desenvolvimento da crian\u00e7a em seus m\u00faltiplos aspectos. Conta com profissionais afetivos e especializados para trabalhar com as diferen\u00e7as e que garantam o bem-estar do aluno, acolhendo-o na sua individualidade.<\/h6>\n<\/blockquote>\n<h4 class=\"thim-text-title\">FLEXIBILIDADE DE HOR\u00c1RIOS<\/h4>\n<blockquote>\n<h6 style=\"text-align: justify\">\u00a0 \u00a0 \u00a0 \u00a0 \u00a0 \u00a0 A Rede ICM de Educa\u00e7\u00e3o, em suas Unidades de Ensino, para dar\u00a0 maior seguran\u00e7a e tranquilidade a fam\u00edlia, proporciona hor\u00e1rios flex\u00edveis. Consulte a sua unidade de ensino sobre as op\u00e7\u00f5es de flexibiliza\u00e7\u00e3o.<\/h6>\n<\/blockquote>\n<\/div><\/div><\/div><\/div><\/div><\/div><\/section>\n<div class=\"angwp_41138 _ning_cont _ning_hidden _ning_outer _align_center responsive\" data-size=\"300x250\" data-bid=\"41138\" data-aid=\"0\" style=\"max-width:300px; width:100%;height:inherit;\"><div class=\"_ning_label _left\" style=\"\"><\/div><div class=\"_ning_inner\" style=\"\"><\/div><\/div><div class=\"clear\"><\/div><\/section>","protected":false},"excerpt":{"rendered":"\u00a0 \u00a0 \u00a0 \u00a0 \u00a0As fam\u00edlias encontram na Educa\u00e7\u00e3o Infantil do Col\u00e9gio Cora\u00e7\u00e3o de Maria &#8211; Rede ICM de Educa\u00e7\u00e3o, uma proposta de aprendizagem integral, valorizando cada experi\u00eancia vivenciada e desenvolvendo na crian\u00e7a: IDENTIDADE E AUTONOMIA \u00a0 \u00a0 \u00a0 \u00a0 A crian\u00e7a na Educa\u00e7\u00e3o Infantil da Rede ICM de Educa\u00e7\u00e3o desenvolve a constru\u00e7\u00e3o da identidade...","protected":false},"author":97,"featured_media":0,"parent":0,"menu_order":0,"comment_status":"closed","ping_status":"closed","template":"","meta":{"_acf_changed":false,"_monsterinsights_skip_tracking":false,"_monsterinsights_sitenote_active":false,"_monsterinsights_sitenote_note":"","_monsterinsights_sitenote_category":0,"footnotes":""},"class_list":["post-39078","page","type-page","status-publish","hentry"],"acf":[],"_links":{"self":[{"href":"https:\/\/legado.redeicm.org.br\/coracaodemaria\/wp-json\/wp\/v2\/pages\/39078"}],"collection":[{"href":"https:\/\/legado.redeicm.org.br\/coracaodemaria\/wp-json\/wp\/v2\/pages"}],"about":[{"href":"https:\/\/legado.redeicm.org.br\/coracaodemaria\/wp-json\/wp\/v2\/types\/page"}],"author":[{"embeddable":true,"href":"https:\/\/legado.redeicm.org.br\/coracaodemaria\/wp-json\/wp\/v2\/users\/97"}],"replies":[{"embeddable":true,"href":"https:\/\/legado.redeicm.org.br\/coracaodemaria\/wp-json\/wp\/v2\/comments?post=39078"}],"version-history":[{"count":7,"href":"https:\/\/legado.redeicm.org.br\/coracaodemaria\/wp-json\/wp\/v2\/pages\/39078\/revisions"}],"predecessor-version":[{"id":66816,"href":"https:\/\/legado.redeicm.org.br\/coracaodemaria\/wp-json\/wp\/v2\/pages\/39078\/revisions\/66816"}],"wp:attachment":[{"href":"https:\/\/legado.redeicm.org.br\/coracaodemaria\/wp-json\/wp\/v2\/media?parent=39078"}],"curies":[{"name":"wp","href":"https:\/\/api.w.org\/{rel}","templated":true}]}}