{"id":39220,"date":"2017-02-08T10:55:07","date_gmt":"2017-02-08T12:55:07","guid":{"rendered":"https:\/\/redeicm.org.br\/carmo\/?page_id=39220"},"modified":"2023-11-16T16:50:43","modified_gmt":"2023-11-16T19:50:43","slug":"proposta-educacional","status":"publish","type":"page","link":"https:\/\/legado.redeicm.org.br\/carmo\/proposta-educacional\/","title":{"rendered":"Proposta Educacional"},"content":{"rendered":"<section class=\"wpb-content-wrapper\"><section class=\"l-section wpb_row height_medium\"><div class=\"l-section-h i-cf\"><div class=\"g-cols vc_row via_grid cols_1 laptops-cols_inherit tablets-cols_inherit mobiles-cols_1 valign_top type_default stacking_default\"><div class=\"wpb_column vc_column_container\"><div class=\"vc_column-inner\"><div class=\"wpb_text_column\"><div class=\"wpb_wrapper\"><p style=\"text-align: justify\"><strong>PROPOSTA EDUCACIONAL<\/strong> \u2013 A Escola pertence \u00e0 Congrega\u00e7\u00e3o das Irm\u00e3s do Imaculado Cora\u00e7\u00e3o de Maria, comprometendo-nos com a Educa\u00e7\u00e3o Evang\u00e9lico-Libertadora, fundamentada no projeto de Jesus Cristo e ao Projeto Pedag\u00f3gico de B\u00e1rbara Maix \u2013 Fundadora da Congrega\u00e7\u00e3o, que implica em humanizar e personalizar os sujeitos envolvidos no Projeto Educativo, fazendo-os desenvolver plenamente todas as dimens\u00f5es: bio-psiquico-espiritual-social.<\/p>\n<p style=\"text-align: justify\"><strong>NOSSA MISS\u00c3O<\/strong> \u2013 Temos por finalidade formar sujeitos da hist\u00f3ria promovendo a forma\u00e7\u00e3o integral do(a) educando(a), segundo os princ\u00edpios evang\u00e9licos, assegurando-lhe um ensino que desenvolva as suas potencialidades e o(a) capacite para o exerc\u00edcio da cidadania, em vista de uma sociedade mais humana, fraterna e solid\u00e1ria.<\/p>\n<p style=\"text-align: justify\"><strong>NOSSA METODOLOGIA<\/strong> \u2013 \u00c9 ensinar aprendendo, investigando e abrindo caminhos; aprender refletindo, teorizando, transformando a pr\u00e1tica. \u00c9 dial\u00f3gica, cr\u00edtica, participativa, din\u00e2mica, criativa, problematizadora, transformadora, fundamentada na pr\u00e1tica-teoria-pr\u00e1tica. Oportunizando diferentes fontes de informa\u00e7\u00e3o e recursos tecnol\u00f3gicos para adquirir e construir conhecimentos, empregando diferentes linguagens, como meio de expressar e comunicar suas ideias, interpretar e usufruir das produ\u00e7\u00f5es da cultura.<\/p>\n<p>\u00a0<\/p>\n<p>\u00a0<\/p>\n<\/div><\/div><\/div><\/div><\/div><\/div><\/section>\n<div class=\"angwp_40106 _ning_cont _ning_hidden _ning_outer _align_center responsive\" data-size=\"300x250\" data-bid=\"40106\" data-aid=\"0\" style=\"max-width:300px; width:100%;height:inherit;\"><div class=\"_ning_label _left\" style=\"\"><\/div><div class=\"_ning_inner\" style=\"\"><\/div><\/div><div class=\"clear\"><\/div><\/section>","protected":false},"excerpt":{"rendered":"PROPOSTA EDUCACIONAL \u2013 A Escola pertence \u00e0 Congrega\u00e7\u00e3o das Irm\u00e3s do Imaculado Cora\u00e7\u00e3o de Maria, comprometendo-nos com a Educa\u00e7\u00e3o Evang\u00e9lico-Libertadora, fundamentada no projeto de Jesus Cristo e ao Projeto Pedag\u00f3gico de B\u00e1rbara Maix \u2013 Fundadora da Congrega\u00e7\u00e3o, que implica em humanizar e personalizar os sujeitos envolvidos no Projeto Educativo, fazendo-os desenvolver plenamente todas as dimens\u00f5es:...","protected":false},"author":153,"featured_media":0,"parent":0,"menu_order":0,"comment_status":"closed","ping_status":"closed","template":"","meta":{"_acf_changed":false,"_monsterinsights_skip_tracking":false,"_monsterinsights_sitenote_active":false,"_monsterinsights_sitenote_note":"","_monsterinsights_sitenote_category":0,"footnotes":""},"class_list":["post-39220","page","type-page","status-publish","hentry"],"acf":[],"_links":{"self":[{"href":"https:\/\/legado.redeicm.org.br\/carmo\/wp-json\/wp\/v2\/pages\/39220"}],"collection":[{"href":"https:\/\/legado.redeicm.org.br\/carmo\/wp-json\/wp\/v2\/pages"}],"about":[{"href":"https:\/\/legado.redeicm.org.br\/carmo\/wp-json\/wp\/v2\/types\/page"}],"author":[{"embeddable":true,"href":"https:\/\/legado.redeicm.org.br\/carmo\/wp-json\/wp\/v2\/users\/153"}],"replies":[{"embeddable":true,"href":"https:\/\/legado.redeicm.org.br\/carmo\/wp-json\/wp\/v2\/comments?post=39220"}],"version-history":[{"count":4,"href":"https:\/\/legado.redeicm.org.br\/carmo\/wp-json\/wp\/v2\/pages\/39220\/revisions"}],"predecessor-version":[{"id":46150,"href":"https:\/\/legado.redeicm.org.br\/carmo\/wp-json\/wp\/v2\/pages\/39220\/revisions\/46150"}],"wp:attachment":[{"href":"https:\/\/legado.redeicm.org.br\/carmo\/wp-json\/wp\/v2\/media?parent=39220"}],"curies":[{"name":"wp","href":"https:\/\/api.w.org\/{rel}","templated":true}]}}