{"id":39153,"date":"2017-01-12T23:10:44","date_gmt":"2017-01-13T01:10:44","guid":{"rendered":"https:\/\/redeicm.org.br\/maededeus\/?page_id=39153"},"modified":"2023-07-03T17:05:07","modified_gmt":"2023-07-03T20:05:07","slug":"historico","status":"publish","type":"page","link":"https:\/\/legado.redeicm.org.br\/carmo\/historico\/","title":{"rendered":"Sobre a Unidade de Educa\u00e7\u00e3o"},"content":{"rendered":"<p><strong>Sobre a Escola:<\/strong><\/p>\n<p style=\"text-align: justify\">As escolas das Irm\u00e3s do Imaculado Cora\u00e7\u00e3o de Maria, dentre elas a Escola Nossa Senhora do Carmo, fundamentam sua a\u00e7\u00e3o educativa no Projeto Libertador de Jesus Cristo \u2013 op\u00e7\u00e3o pela pessoa humana, atualizando e dando continuidade \u00e0 Pedagogia de B\u00e1rbara Maix, fundadora da Congrega\u00e7\u00e3o.<\/p>\n<p style=\"text-align: justify\">A Rede ICM de Educa\u00e7\u00e3o conta, atualmente, com 15 unidades de ensino presentes nos estados do Rio de Janeiro, S\u00e3o Paulo, Paran\u00e1 e Rio Grande do Sul. S\u00e3o mais de 15 mil alunos atendidos.<\/p>\n<p><strong>A Escola se empenha em ministrar uma educa\u00e7\u00e3o:<\/strong><\/p>\n<ul>\n<li style=\"list-style-type: none\">\n<ul>\n<li>Dialogal;<\/li>\n<li>Participativa;<\/li>\n<li>Cr\u00edtica;<\/li>\n<li>Criativa;<\/li>\n<li>Humanizadora.<\/li>\n<\/ul>\n<\/li>\n<\/ul>\n<p style=\"text-align: justify\">Ensino moderno e de qualidade, promovendo a forma\u00e7\u00e3o humana e o desenvolvimento das potencialidades do educando para o mercado de trabalho, de acordo com a LDB e os Par\u00e2metros Curriculares Nacionais.<\/p>\n<p><strong>Guiada por um firme sistema de valores humanos e evang\u00e9licos, a Escola \u00e9 o lugar de aprender:<\/strong><\/p>\n<ul>\n<li>a Conhecer;<\/li>\n<li>a Fazer;<\/li>\n<li>a Conviver;<\/li>\n<li>a Ser.<\/li>\n<\/ul>\n<p><strong>Este tipo de educa\u00e7\u00e3o requer pessoas:<\/strong><\/p>\n<ul>\n<li>Conscientes;<\/li>\n<li>Criativas;<\/li>\n<li>Fraternas;<\/li>\n<li>Solid\u00e1rias.<\/li>\n<\/ul>\n<div class=\"angwp_40106 _ning_cont _ning_hidden _ning_outer _align_center responsive\" data-size=\"300x250\" data-bid=\"40106\" data-aid=\"0\" style=\"max-width:300px; width:100%;height:inherit;\"><div class=\"_ning_label _left\" style=\"\"><\/div><div class=\"_ning_inner\" style=\"\"><\/div><\/div><div class=\"clear\"><\/div>","protected":false},"excerpt":{"rendered":"<p>Sobre a Escola: As escolas das Irm\u00e3s do Imaculado Cora\u00e7\u00e3o de Maria, dentre elas a Escola Nossa Senhora do Carmo, fundamentam sua a\u00e7\u00e3o educativa no Projeto Libertador de Jesus Cristo \u2013 op\u00e7\u00e3o pela pessoa humana, atualizando e dando continuidade \u00e0 Pedagogia de B\u00e1rbara Maix, fundadora da Congrega\u00e7\u00e3o. A Rede ICM de Educa\u00e7\u00e3o conta, atualmente, com&#8230;<\/p>\n","protected":false},"author":153,"featured_media":0,"parent":0,"menu_order":0,"comment_status":"closed","ping_status":"closed","template":"","meta":{"_acf_changed":false,"_monsterinsights_skip_tracking":false,"_monsterinsights_sitenote_active":false,"_monsterinsights_sitenote_note":"","_monsterinsights_sitenote_category":0,"footnotes":""},"class_list":["post-39153","page","type-page","status-publish","hentry"],"acf":[],"_links":{"self":[{"href":"https:\/\/legado.redeicm.org.br\/carmo\/wp-json\/wp\/v2\/pages\/39153"}],"collection":[{"href":"https:\/\/legado.redeicm.org.br\/carmo\/wp-json\/wp\/v2\/pages"}],"about":[{"href":"https:\/\/legado.redeicm.org.br\/carmo\/wp-json\/wp\/v2\/types\/page"}],"author":[{"embeddable":true,"href":"https:\/\/legado.redeicm.org.br\/carmo\/wp-json\/wp\/v2\/users\/153"}],"replies":[{"embeddable":true,"href":"https:\/\/legado.redeicm.org.br\/carmo\/wp-json\/wp\/v2\/comments?post=39153"}],"version-history":[{"count":4,"href":"https:\/\/legado.redeicm.org.br\/carmo\/wp-json\/wp\/v2\/pages\/39153\/revisions"}],"predecessor-version":[{"id":44810,"href":"https:\/\/legado.redeicm.org.br\/carmo\/wp-json\/wp\/v2\/pages\/39153\/revisions\/44810"}],"wp:attachment":[{"href":"https:\/\/legado.redeicm.org.br\/carmo\/wp-json\/wp\/v2\/media?parent=39153"}],"curies":[{"name":"wp","href":"https:\/\/api.w.org\/{rel}","templated":true}]}}