{"id":59500,"date":"2018-09-18T11:19:46","date_gmt":"2018-09-18T14:19:46","guid":{"rendered":"https:\/\/www.redeicm.org.br\/auxiliadora\/?page_id=59500"},"modified":"2020-06-17T23:30:31","modified_gmt":"2020-06-18T02:30:31","slug":"acontece-do-auxi","status":"publish","type":"page","link":"https:\/\/legado.redeicm.org.br\/auxiliadora\/acontece-do-auxi\/","title":{"rendered":"Acontece do Auxi"},"content":{"rendered":"<section class=\"wpb-content-wrapper\"><section class=\"l-section wpb_row height_medium\"><div class=\"l-section-h i-cf\"><div class=\"g-cols vc_row via_grid cols_1 laptops-cols_inherit tablets-cols_inherit mobiles-cols_1 valign_top type_default stacking_default\"><div class=\"wpb_column vc_column_container\"><div class=\"vc_column-inner\"><div class=\"w-iconbox iconpos_left style_default color_primary align_left\"><div class=\"w-iconbox-icon\" style=\"font-size:48px;\"><i class=\"fas fa-rss\"><\/i><\/div><div class=\"w-iconbox-meta\"><h4 class=\"w-iconbox-title\">Acontece no Auxiliadora<\/h4><div class=\"w-iconbox-text\"><p>Not\u00edcias e Novidades<\/p>\n<\/div><\/div><\/div><div class=\"wpb_text_column\"><div class=\"wpb_wrapper\"><\/div><\/div><div class=\"w-grid type_grid layout_110690 cols_3 with_filters\" id=\"us_grid_1\"><style>#us_grid_1 .w-grid-item{padding:1.5rem}#us_grid_1 .w-grid-list{margin:1.5rem -1.5rem}.w-grid + #us_grid_1 .w-grid-list,.w-grid-none + #us_grid_1 .w-grid-list{margin-top:1.5rem}@media (max-width:-1px){#us_grid_1 .w-grid-item{width:50%}}@media (max-width:-1px){#us_grid_1 .w-grid-list{margin:0}#us_grid_1 .w-grid-item{width:100%;padding:0;margin-bottom:1.5rem}}.layout_110690 .w-grid-item-h{}.layout_110690 .usg_post_image_1{margin-bottom:1rem!important}.layout_110690 .usg_post_title_1{font-size:1.4rem!important;margin-bottom:0.5rem!important}.layout_110690 .usg_post_content_1{margin-top:0.5rem!important}<\/style><div class=\"g-filters style_2 align_center\"><button class=\"g-filters-item active\" data-taxonomy=\"*\"><span>Tudo<\/span><\/button><button class=\"g-filters-item\" data-taxonomy=\"destaques-2\" data-amount=\"2892\"><span>DESTAQUES<\/span><span class=\"g-filters-item-amount\">2892<\/span><\/button><button class=\"g-filters-item\" data-taxonomy=\"galeria\" data-amount=\"2878\"><span>GALERIA<\/span><span class=\"g-filters-item-amount\">2878<\/span><\/button><button class=\"g-filters-item\" data-taxonomy=\"noticias\" data-amount=\"2955\"><span>NOT\u00cdCIAS<\/span><span class=\"g-filters-item-amount\">2955<\/span><\/button><button class=\"g-filters-item\" data-taxonomy=\"todas-as-noticias\" data-amount=\"102\"><span>TODAS AS NOT\u00cdCIAS<\/span><span class=\"g-filters-item-amount\">102<\/span><\/button><button class=\"g-filters-item\" data-taxonomy=\"videos\" data-amount=\"29\"><span>V\u00cdDEOS<\/span><span class=\"g-filters-item-amount\">29<\/span><\/button><\/div><div class=\"w-grid-list\" data-filter_taxonomy_name=\"category\" data-filter_default_taxonomies=\"destaques-2,galeria,noticias,todas-as-noticias,videos\">\t<article class=\"w-grid-item size_1x1 post-163593 post type-post status-publish format-standard has-post-thumbnail hentry category-destaques-2 category-galeria category-noticias tag-featured tag-full-image\" data-id=\"163593\">\r\n\t\t<div class=\"w-grid-item-h\">\r\n\t\t\t\t\t\t<div class=\"w-post-elm post_image usg_post_image_1 stretched\"><a href=\"https:\/\/legado.redeicm.org.br\/auxiliadora\/arte-com-crepom-pre-1\/\" aria-label=\"Arte com crepom &#8211; Pr\u00e9 1.\"><img loading=\"lazy\" decoding=\"async\" width=\"768\" height=\"1024\" src=\"https:\/\/legado.redeicm.org.br\/auxiliadora\/wp-content\/uploads\/sites\/4\/2025\/07\/WhatsApp-Image-2025-07-18-at-15.08.40-1.jpg\" class=\"attachment-us_600_400_crop size-us_600_400_crop wp-post-image\" alt=\"\" srcset=\"https:\/\/legado.redeicm.org.br\/auxiliadora\/wp-content\/uploads\/sites\/4\/2025\/07\/WhatsApp-Image-2025-07-18-at-15.08.40-1.jpg 768w, https:\/\/legado.redeicm.org.br\/auxiliadora\/wp-content\/uploads\/sites\/4\/2025\/07\/WhatsApp-Image-2025-07-18-at-15.08.40-1-225x300.jpg 225w\" sizes=\"(max-width: 768px) 100vw, 768px\" \/><\/a><\/div><h2 class=\"w-post-elm post_title usg_post_title_1 entry-title color_link_inherit\"><a href=\"https:\/\/legado.redeicm.org.br\/auxiliadora\/arte-com-crepom-pre-1\/\">Arte com crepom &#8211; Pr\u00e9 1.<\/a><\/h2><br \/>\n<b>Warning<\/b>:  array_key_exists() expects parameter 2 to be array, null given in <b>\/home\/icmsec2\/public_html\/wp-content\/plugins\/angwp\/include\/classes\/ADNI_Filters.php<\/b> on line <b>184<\/b><br \/>\n<div class=\"w-post-elm post_content usg_post_content_1\">\u2728 Uma m\u00e1gica com papel crepom e muita imagina\u00e7\u00e3o, nossos pequenos artistas transformaram cores em arte \ud83c\udfa8\ud83c\udf08 Mais do que uma atividade, foi um momento de pura explora\u00e7\u00e3o e encantamento, onde cada cor contou uma hist\u00f3ria\u2026 E o mais bonito de tudo? O brilho nos olhos e os sorrisos cheios de descobertas \ud83d\udc9b\ud83d\udd8c\ufe0f<\/div>\t\t<\/div>\r\n\t<\/article>\r\n\t<article class=\"w-grid-item size_1x1 post-163548 post type-post status-publish format-standard has-post-thumbnail hentry category-destaques-2 category-galeria category-noticias tag-featured tag-full-image\" data-id=\"163548\">\r\n\t\t<div class=\"w-grid-item-h\">\r\n\t\t\t\t\t\t<div class=\"w-post-elm post_image usg_post_image_1 stretched\"><a href=\"https:\/\/legado.redeicm.org.br\/auxiliadora\/encaixe-suspenso\/\" aria-label=\"ENCAIXE SUSPENSO.\"><img loading=\"lazy\" decoding=\"async\" width=\"768\" height=\"1024\" src=\"https:\/\/legado.redeicm.org.br\/auxiliadora\/wp-content\/uploads\/sites\/4\/2025\/07\/WhatsApp-Image-2025-07-18-at-15.06.33-3.jpg\" class=\"attachment-us_600_400_crop size-us_600_400_crop wp-post-image\" alt=\"\" srcset=\"https:\/\/legado.redeicm.org.br\/auxiliadora\/wp-content\/uploads\/sites\/4\/2025\/07\/WhatsApp-Image-2025-07-18-at-15.06.33-3.jpg 768w, https:\/\/legado.redeicm.org.br\/auxiliadora\/wp-content\/uploads\/sites\/4\/2025\/07\/WhatsApp-Image-2025-07-18-at-15.06.33-3-225x300.jpg 225w\" sizes=\"(max-width: 768px) 100vw, 768px\" \/><\/a><\/div><h2 class=\"w-post-elm post_title usg_post_title_1 entry-title color_link_inherit\"><a href=\"https:\/\/legado.redeicm.org.br\/auxiliadora\/encaixe-suspenso\/\">ENCAIXE SUSPENSO.<\/a><\/h2><br \/>\n<b>Warning<\/b>:  array_key_exists() expects parameter 2 to be array, null given in <b>\/home\/icmsec2\/public_html\/wp-content\/plugins\/angwp\/include\/classes\/ADNI_Filters.php<\/b> on line <b>184<\/b><br \/>\n<div class=\"w-post-elm post_content usg_post_content_1\">Vivenciamos uma atividade cheia de desafios e descobertas! As crian\u00e7as participaram de uma brincadeira de encaixe suspenso, onde foram convidadas a colocar pinos e palitos dentro de garrafas penduradas. A proposta estimulou a coordena\u00e7\u00e3o motora fina, a concentra\u00e7\u00e3o, a percep\u00e7\u00e3o espacial e, claro, trouxe muita divers\u00e3o! Foi lindo observar o empenho de cada crian\u00e7a diante&hellip;<\/div>\t\t<\/div>\r\n\t<\/article>\r\n\t<article class=\"w-grid-item size_1x1 post-163523 post type-post status-publish format-standard has-post-thumbnail hentry category-destaques-2 category-galeria category-noticias\" data-id=\"163523\">\r\n\t\t<div class=\"w-grid-item-h\">\r\n\t\t\t\t\t\t<div class=\"w-post-elm post_image usg_post_image_1 stretched\"><a href=\"https:\/\/legado.redeicm.org.br\/auxiliadora\/missa-em-homenagem-aos-avos\/\" aria-label=\"Missa em homenagem aos Av\u00f3s.\"><img loading=\"lazy\" decoding=\"async\" width=\"1280\" height=\"853\" src=\"https:\/\/legado.redeicm.org.br\/auxiliadora\/wp-content\/uploads\/sites\/4\/2025\/07\/WhatsApp-Image-2025-07-18-at-14.21.28-1.jpg\" class=\"attachment-us_600_400_crop size-us_600_400_crop wp-post-image\" alt=\"\" srcset=\"https:\/\/legado.redeicm.org.br\/auxiliadora\/wp-content\/uploads\/sites\/4\/2025\/07\/WhatsApp-Image-2025-07-18-at-14.21.28-1.jpg 1280w, https:\/\/legado.redeicm.org.br\/auxiliadora\/wp-content\/uploads\/sites\/4\/2025\/07\/WhatsApp-Image-2025-07-18-at-14.21.28-1-300x200.jpg 300w, https:\/\/legado.redeicm.org.br\/auxiliadora\/wp-content\/uploads\/sites\/4\/2025\/07\/WhatsApp-Image-2025-07-18-at-14.21.28-1-1024x682.jpg 1024w\" sizes=\"(max-width: 1280px) 100vw, 1280px\" \/><\/a><\/div><h2 class=\"w-post-elm post_title usg_post_title_1 entry-title color_link_inherit\"><a href=\"https:\/\/legado.redeicm.org.br\/auxiliadora\/missa-em-homenagem-aos-avos\/\">Missa em homenagem aos Av\u00f3s.<\/a><\/h2><br \/>\n<b>Warning<\/b>:  array_key_exists() expects parameter 2 to be array, null given in <b>\/home\/icmsec2\/public_html\/wp-content\/plugins\/angwp\/include\/classes\/ADNI_Filters.php<\/b> on line <b>184<\/b><br \/>\n<div class=\"w-post-elm post_content usg_post_content_1\">O Dia dos Av\u00f3s \u00e9 uma data especial que nos convida a celebrar a sabedoria, o carinho e o amor incondicional daqueles que t\u00eam um papel t\u00e3o significativo em nossas vidas: os av\u00f3s. Pensando na import\u00e2ncia desse v\u00ednculo t\u00e3o precioso, a Escola Nossa Senhora Auxiliadora preparou com muito carinho uma missa especial em homenagem aos&hellip;<\/div>\t\t<\/div>\r\n\t<\/article>\r\n\t<article class=\"w-grid-item size_1x1 post-163508 post type-post status-publish format-standard has-post-thumbnail hentry category-destaques-2 category-galeria category-noticias tag-featured tag-full-image\" data-id=\"163508\">\r\n\t\t<div class=\"w-grid-item-h\">\r\n\t\t\t\t\t\t<div class=\"w-post-elm post_image usg_post_image_1 stretched\"><a href=\"https:\/\/legado.redeicm.org.br\/auxiliadora\/reacoes-quimicas-e-leis\/\" aria-label=\"Rea\u00e7\u00f5es Qu\u00edmicas e Leis.\"><img loading=\"lazy\" decoding=\"async\" width=\"768\" height=\"1024\" src=\"https:\/\/legado.redeicm.org.br\/auxiliadora\/wp-content\/uploads\/sites\/4\/2025\/07\/IMG-20250611-WA0022.jpg\" class=\"attachment-us_600_400_crop size-us_600_400_crop wp-post-image\" alt=\"\" srcset=\"https:\/\/legado.redeicm.org.br\/auxiliadora\/wp-content\/uploads\/sites\/4\/2025\/07\/IMG-20250611-WA0022.jpg 768w, https:\/\/legado.redeicm.org.br\/auxiliadora\/wp-content\/uploads\/sites\/4\/2025\/07\/IMG-20250611-WA0022-225x300.jpg 225w\" sizes=\"(max-width: 768px) 100vw, 768px\" \/><\/a><\/div><h2 class=\"w-post-elm post_title usg_post_title_1 entry-title color_link_inherit\"><a href=\"https:\/\/legado.redeicm.org.br\/auxiliadora\/reacoes-quimicas-e-leis\/\">Rea\u00e7\u00f5es Qu\u00edmicas e Leis.<\/a><\/h2><br \/>\n<b>Warning<\/b>:  array_key_exists() expects parameter 2 to be array, null given in <b>\/home\/icmsec2\/public_html\/wp-content\/plugins\/angwp\/include\/classes\/ADNI_Filters.php<\/b> on line <b>184<\/b><br \/>\n<div class=\"w-post-elm post_content usg_post_content_1\">\u00a0Para trabalhar as principais leis da Qu\u00edmica \u2014 a Lei da Conserva\u00e7\u00e3o da Massa, de Lavoisier, e a Lei das Propor\u00e7\u00f5es Constantes, de Proust \u2014 o 9\u00ba ano realizou uma atividade pr\u00e1tica no laborat\u00f3rio, observando sistemas em uma rea\u00e7\u00e3o qu\u00edmica. Foi utilizada a rea\u00e7\u00e3o entre bicarbonato de s\u00f3dio (uma base) e vinagre (\u00e1cido ac\u00e9tico, um&hellip;<\/div>\t\t<\/div>\r\n\t<\/article>\r\n\t<article class=\"w-grid-item size_1x1 post-163435 post type-post status-publish format-standard has-post-thumbnail hentry category-destaques-2 category-galeria category-noticias tag-featured tag-full-image\" data-id=\"163435\">\r\n\t\t<div class=\"w-grid-item-h\">\r\n\t\t\t\t\t\t<div class=\"w-post-elm post_image usg_post_image_1 stretched\"><a href=\"https:\/\/legado.redeicm.org.br\/auxiliadora\/uma-noite-inesquecivel-para-a-cultura-gaucha\/\" aria-label=\"Uma noite inesquec\u00edvel para a cultura ga\u00facha!\"><img loading=\"lazy\" decoding=\"async\" width=\"576\" height=\"1024\" src=\"https:\/\/legado.redeicm.org.br\/auxiliadora\/wp-content\/uploads\/sites\/4\/2025\/07\/WhatsApp-Image-2025-07-14-at-16.24.04-1.jpg\" class=\"attachment-us_600_400_crop size-us_600_400_crop wp-post-image\" alt=\"\" srcset=\"https:\/\/legado.redeicm.org.br\/auxiliadora\/wp-content\/uploads\/sites\/4\/2025\/07\/WhatsApp-Image-2025-07-14-at-16.24.04-1.jpg 576w, https:\/\/legado.redeicm.org.br\/auxiliadora\/wp-content\/uploads\/sites\/4\/2025\/07\/WhatsApp-Image-2025-07-14-at-16.24.04-1-169x300.jpg 169w\" sizes=\"(max-width: 576px) 100vw, 576px\" \/><\/a><\/div><h2 class=\"w-post-elm post_title usg_post_title_1 entry-title color_link_inherit\"><a href=\"https:\/\/legado.redeicm.org.br\/auxiliadora\/uma-noite-inesquecivel-para-a-cultura-gaucha\/\">Uma noite inesquec\u00edvel para a cultura ga\u00facha!<\/a><\/h2><br \/>\n<b>Warning<\/b>:  array_key_exists() expects parameter 2 to be array, null given in <b>\/home\/icmsec2\/public_html\/wp-content\/plugins\/angwp\/include\/classes\/ADNI_Filters.php<\/b> on line <b>184<\/b><br \/>\n<div class=\"w-post-elm post_content usg_post_content_1\">O Jantar Fandango do \u00faltimo 12 de julho, realizado no Piquete Alto Alegre, celebrou com emo\u00e7\u00e3o e orgulho a apresenta\u00e7\u00e3o oficial do DTG Sentinela da Auxiliadora. O evento reuniu fam\u00edlias, tradicionalistas e autoridades em uma noite de reencontro com as ra\u00edzes. Marcaram presen\u00e7a o Patr\u00e3o do Piquete, Silvio Cesar Rossatto; o Conselheiro do MTG, Lu\u00eds&hellip;<\/div>\t\t<\/div>\r\n\t<\/article>\r\n\t<article class=\"w-grid-item size_1x1 post-163412 post type-post status-publish format-standard has-post-thumbnail hentry category-destaques-2 category-galeria category-noticias tag-featured tag-full-image\" data-id=\"163412\">\r\n\t\t<div class=\"w-grid-item-h\">\r\n\t\t\t\t\t\t<div class=\"w-post-elm post_image usg_post_image_1 stretched\"><a href=\"https:\/\/legado.redeicm.org.br\/auxiliadora\/martelando-descobertas-maternal-1\/\" aria-label=\"Martelando Descobertas &#8211; Maternal 1.\"><img loading=\"lazy\" decoding=\"async\" width=\"768\" height=\"1024\" src=\"https:\/\/legado.redeicm.org.br\/auxiliadora\/wp-content\/uploads\/sites\/4\/2025\/07\/20250707_140850.jpg\" class=\"attachment-us_600_400_crop size-us_600_400_crop wp-post-image\" alt=\"\" srcset=\"https:\/\/legado.redeicm.org.br\/auxiliadora\/wp-content\/uploads\/sites\/4\/2025\/07\/20250707_140850.jpg 768w, https:\/\/legado.redeicm.org.br\/auxiliadora\/wp-content\/uploads\/sites\/4\/2025\/07\/20250707_140850-225x300.jpg 225w\" sizes=\"(max-width: 768px) 100vw, 768px\" \/><\/a><\/div><h2 class=\"w-post-elm post_title usg_post_title_1 entry-title color_link_inherit\"><a href=\"https:\/\/legado.redeicm.org.br\/auxiliadora\/martelando-descobertas-maternal-1\/\">Martelando Descobertas &#8211; Maternal 1.<\/a><\/h2><br \/>\n<b>Warning<\/b>:  array_key_exists() expects parameter 2 to be array, null given in <b>\/home\/icmsec2\/public_html\/wp-content\/plugins\/angwp\/include\/classes\/ADNI_Filters.php<\/b> on line <b>184<\/b><br \/>\n<div class=\"w-post-elm post_content usg_post_content_1\">Em mais uma experi\u00eancia de explora\u00e7\u00e3o sensorial e motora, as crian\u00e7as tiveram a oportunidade de interagir com uma grande ab\u00f3bora utilizando martelos e pregos, em um convite \u00e0 investiga\u00e7\u00e3o, \u00e0 coordena\u00e7\u00e3o e \u00e0 criatividade. A proposta despertou curiosidade, concentra\u00e7\u00e3o e entusiasmo, permitindo que cada crian\u00e7a deixasse sua marca e experimentasse novas possibilidades de movimento e&hellip;<\/div>\t\t<\/div>\r\n\t<\/article>\r\n\t<article class=\"w-grid-item size_1x1 post-163396 post type-post status-publish format-standard has-post-thumbnail hentry category-destaques-2 category-galeria category-noticias tag-featured tag-full-image\" data-id=\"163396\">\r\n\t\t<div class=\"w-grid-item-h\">\r\n\t\t\t\t\t\t<div class=\"w-post-elm post_image usg_post_image_1 stretched\"><a href=\"https:\/\/legado.redeicm.org.br\/auxiliadora\/aula-pratica-de-quimica-sobre-densidade-dos-materiais\/\" aria-label=\"Aula pr\u00e1tica de qu\u00edmica, sobre densidade dos materiais.\"><img loading=\"lazy\" decoding=\"async\" width=\"768\" height=\"1024\" src=\"https:\/\/legado.redeicm.org.br\/auxiliadora\/wp-content\/uploads\/sites\/4\/2025\/07\/WhatsApp-Image-2025-03-26-at-16.33.44-1.jpg\" class=\"attachment-us_600_400_crop size-us_600_400_crop wp-post-image\" alt=\"\" srcset=\"https:\/\/legado.redeicm.org.br\/auxiliadora\/wp-content\/uploads\/sites\/4\/2025\/07\/WhatsApp-Image-2025-03-26-at-16.33.44-1.jpg 768w, https:\/\/legado.redeicm.org.br\/auxiliadora\/wp-content\/uploads\/sites\/4\/2025\/07\/WhatsApp-Image-2025-03-26-at-16.33.44-1-225x300.jpg 225w\" sizes=\"(max-width: 768px) 100vw, 768px\" \/><\/a><\/div><h2 class=\"w-post-elm post_title usg_post_title_1 entry-title color_link_inherit\"><a href=\"https:\/\/legado.redeicm.org.br\/auxiliadora\/aula-pratica-de-quimica-sobre-densidade-dos-materiais\/\">Aula pr\u00e1tica de qu\u00edmica, sobre densidade dos materiais.<\/a><\/h2><br \/>\n<b>Warning<\/b>:  array_key_exists() expects parameter 2 to be array, null given in <b>\/home\/icmsec2\/public_html\/wp-content\/plugins\/angwp\/include\/classes\/ADNI_Filters.php<\/b> on line <b>184<\/b><br \/>\n<div class=\"w-post-elm post_content usg_post_content_1\">Voc\u00ea j\u00e1 se perguntou por que alguns objetos flutuam na \u00e1gua enquanto outros afundam? Ou por que certos l\u00edquidos n\u00e3o se misturam? Na nossa aula pr\u00e1tica de qu\u00edmica sobre densidade dos materiais, exploramos essas caracter\u00edsticas atrav\u00e9s da f\u00f3rmula que busca a densidade, a massa e o volume. Com essa atividades, foi poss\u00edvel observar o comportamento&hellip;<\/div>\t\t<\/div>\r\n\t<\/article>\r\n\t<article class=\"w-grid-item size_1x1 post-163354 post type-post status-publish format-standard has-post-thumbnail hentry category-destaques-2 category-galeria category-noticias tag-featured tag-full-image\" data-id=\"163354\">\r\n\t\t<div class=\"w-grid-item-h\">\r\n\t\t\t\t\t\t<div class=\"w-post-elm post_image usg_post_image_1 stretched\"><a href=\"https:\/\/legado.redeicm.org.br\/auxiliadora\/contexto-investigativo-explorando-as-possibilidades-do-milho\/\" aria-label=\"\u00a0Contexto Investigativo: Explorando as Possibilidades do Milho.\"><img loading=\"lazy\" decoding=\"async\" width=\"768\" height=\"1024\" src=\"https:\/\/legado.redeicm.org.br\/auxiliadora\/wp-content\/uploads\/sites\/4\/2025\/07\/WhatsApp-Image-2025-06-16-at-17.42.14.jpg\" class=\"attachment-us_600_400_crop size-us_600_400_crop wp-post-image\" alt=\"\" srcset=\"https:\/\/legado.redeicm.org.br\/auxiliadora\/wp-content\/uploads\/sites\/4\/2025\/07\/WhatsApp-Image-2025-06-16-at-17.42.14.jpg 768w, https:\/\/legado.redeicm.org.br\/auxiliadora\/wp-content\/uploads\/sites\/4\/2025\/07\/WhatsApp-Image-2025-06-16-at-17.42.14-225x300.jpg 225w\" sizes=\"(max-width: 768px) 100vw, 768px\" \/><\/a><\/div><h2 class=\"w-post-elm post_title usg_post_title_1 entry-title color_link_inherit\"><a href=\"https:\/\/legado.redeicm.org.br\/auxiliadora\/contexto-investigativo-explorando-as-possibilidades-do-milho\/\">\u00a0Contexto Investigativo: Explorando as Possibilidades do Milho.<\/a><\/h2><br \/>\n<b>Warning<\/b>:  array_key_exists() expects parameter 2 to be array, null given in <b>\/home\/icmsec2\/public_html\/wp-content\/plugins\/angwp\/include\/classes\/ADNI_Filters.php<\/b> on line <b>184<\/b><br \/>\n<div class=\"w-post-elm post_content usg_post_content_1\">O milho foi o protagonista de uma experi\u00eancia cheia de descobertas! As crian\u00e7as puderam explorar diferentes formas e texturas desse alimento t\u00e3o presente em nossa cultura: espiga, milho verde, farinha, polenta&#8230; Cada elemento despertou curiosidade, encantamento e muita criatividade, transformando a viv\u00eancia em um verdadeiro laborat\u00f3rio de sensa\u00e7\u00f5es e aprendizagens!\u00a0<\/div>\t\t<\/div>\r\n\t<\/article>\r\n\t<article class=\"w-grid-item size_1x1 post-163343 post type-post status-publish format-standard has-post-thumbnail hentry category-destaques-2 category-galeria category-noticias tag-featured tag-full-image\" data-id=\"163343\">\r\n\t\t<div class=\"w-grid-item-h\">\r\n\t\t\t\t\t\t<div class=\"w-post-elm post_image usg_post_image_1 stretched\"><a href=\"https:\/\/legado.redeicm.org.br\/auxiliadora\/alunos-do-3o-ano-visitam-a-agencia-da-cresol-raiz-e-conhecem-mais-sobre-cooperativismo\/\" aria-label=\"Alunos do 3\u00ba ano visitam a ag\u00eancia da Cresol Raiz e conhecem mais sobre cooperativismo.\"><img loading=\"lazy\" decoding=\"async\" width=\"1280\" height=\"960\" src=\"https:\/\/legado.redeicm.org.br\/auxiliadora\/wp-content\/uploads\/sites\/4\/2025\/07\/WhatsApp-Image-2025-07-14-at-17.43.04.jpeg\" class=\"attachment-us_600_400_crop size-us_600_400_crop wp-post-image\" alt=\"\" srcset=\"https:\/\/legado.redeicm.org.br\/auxiliadora\/wp-content\/uploads\/sites\/4\/2025\/07\/WhatsApp-Image-2025-07-14-at-17.43.04.jpeg 1280w, https:\/\/legado.redeicm.org.br\/auxiliadora\/wp-content\/uploads\/sites\/4\/2025\/07\/WhatsApp-Image-2025-07-14-at-17.43.04-300x225.jpeg 300w, https:\/\/legado.redeicm.org.br\/auxiliadora\/wp-content\/uploads\/sites\/4\/2025\/07\/WhatsApp-Image-2025-07-14-at-17.43.04-1024x768.jpeg 1024w\" sizes=\"(max-width: 1280px) 100vw, 1280px\" \/><\/a><\/div><h2 class=\"w-post-elm post_title usg_post_title_1 entry-title color_link_inherit\"><a href=\"https:\/\/legado.redeicm.org.br\/auxiliadora\/alunos-do-3o-ano-visitam-a-agencia-da-cresol-raiz-e-conhecem-mais-sobre-cooperativismo\/\">Alunos do 3\u00ba ano visitam a ag\u00eancia da Cresol Raiz e conhecem mais sobre cooperativismo.<\/a><\/h2><br \/>\n<b>Warning<\/b>:  array_key_exists() expects parameter 2 to be array, null given in <b>\/home\/icmsec2\/public_html\/wp-content\/plugins\/angwp\/include\/classes\/ADNI_Filters.php<\/b> on line <b>184<\/b><br \/>\n<div class=\"w-post-elm post_content usg_post_content_1\">Os alunos do 3\u00ba ano da Escola Nossa Senhora Auxiliadora participaram de uma atividade especial fora da sala de aula: visitaram a ag\u00eancia da Cresol Raiz como parte do Projeto Mesadinha. O projeto, que \u00e9 desenvolvido ao longo do ano na escola, tem como objetivo ensinar, de forma pr\u00e1tica e divertida, conceitos importantes sobre educa\u00e7\u00e3o&hellip;<\/div>\t\t<\/div>\r\n\t<\/article>\r\n<\/div><div class=\"w-grid-preloader\"><div class=\"g-preloader type_1\">\r\n\t<div><\/div>\r\n<\/div>\r\n<\/div>\t\t<div class=\"g-loadmore  width_full\">\r\n\t\t\t<div class=\"g-preloader type_1\">\r\n\t\t\t\t<div><\/div>\r\n\t\t\t<\/div>\r\n\t\t\t<button class=\"w-btn us-btn-style_6\" style=\"font-size:1.2rem;\">\r\n\t\t\t\t<span class=\"w-btn-label\">Carregar mais<\/span>\r\n\t\t\t<\/button>\r\n\t\t<\/div>\r\n\t\t\t<div class=\"w-grid-json hidden\" onclick='return {&quot;action&quot;:&quot;us_ajax_grid&quot;,&quot;ajax_url&quot;:&quot;https:\\\/\\\/legado.redeicm.org.br\\\/auxiliadora\\\/wp-admin\\\/admin-ajax.php&quot;,&quot;infinite_scroll&quot;:0,&quot;max_num_pages&quot;:330,&quot;pagination&quot;:&quot;ajax&quot;,&quot;permalink_url&quot;:&quot;https:\\\/\\\/legado.redeicm.org.br\\\/auxiliadora\\\/wp-json\\\/wp\\\/v2\\\/pages\\\/59500&quot;,&quot;template_vars&quot;:{&quot;columns&quot;:&quot;3&quot;,&quot;exclude_items&quot;:&quot;none&quot;,&quot;img_size&quot;:&quot;us_600_400_crop&quot;,&quot;ignore_items_size&quot;:false,&quot;items_layout&quot;:&quot;110690&quot;,&quot;items_offset&quot;:&quot;1&quot;,&quot;load_animation&quot;:&quot;none&quot;,&quot;overriding_link&quot;:&quot;none&quot;,&quot;post_id&quot;:59500,&quot;query_args&quot;:{&quot;post_type&quot;:[&quot;post&quot;],&quot;tax_query&quot;:[{&quot;taxonomy&quot;:&quot;category&quot;,&quot;field&quot;:&quot;slug&quot;,&quot;terms&quot;:[&quot;destaques-2&quot;,&quot;galeria&quot;,&quot;noticias&quot;,&quot;todas-as-noticias&quot;,&quot;videos&quot;]}],&quot;post_status&quot;:[&quot;publish&quot;,&quot;acf-disabled&quot;],&quot;posts_per_page&quot;:&quot;9&quot;},&quot;orderby_query_args&quot;:{&quot;orderby&quot;:{&quot;date&quot;:&quot;DESC&quot;}},&quot;type&quot;:&quot;grid&quot;,&quot;us_grid_ajax_index&quot;:1,&quot;us_grid_filter_params&quot;:null,&quot;us_grid_index&quot;:1,&quot;_us_grid_post_type&quot;:&quot;post&quot;}}'><\/div>\r\n\t<\/div><\/div><\/div><\/div><\/div><\/section>\n<div class=\"angwp_90620 _ning_cont _ning_hidden _ning_outer _align_center responsive\" data-size=\"300x250\" data-bid=\"90620\" data-aid=\"0\" style=\"max-width:300px; width:100%;height:inherit;\"><div class=\"_ning_label _left\" style=\"\"><\/div><div class=\"_ning_inner\" style=\"\"><\/div><\/div><div class=\"clear\"><\/div><\/section>","protected":false},"excerpt":{"rendered":"Os alunos do 3\u00ba ano da Escola Nossa Senhora Auxiliadora participaram de uma atividade especial fora da sala de aula: visitaram a ag\u00eancia da Cresol Raiz como parte do Projeto Mesadinha. O projeto, que \u00e9 desenvolvido ao longo do ano na escola, tem como objetivo ensinar, de forma pr\u00e1tica e divertida, conceitos importantes sobre educa\u00e7\u00e3o...","protected":false},"author":1,"featured_media":0,"parent":0,"menu_order":0,"comment_status":"closed","ping_status":"closed","template":"","meta":{"_acf_changed":false,"_monsterinsights_skip_tracking":false,"_monsterinsights_sitenote_active":false,"_monsterinsights_sitenote_note":"","_monsterinsights_sitenote_category":0,"footnotes":""},"class_list":["post-59500","page","type-page","status-publish","hentry"],"acf":[],"_links":{"self":[{"href":"https:\/\/legado.redeicm.org.br\/auxiliadora\/wp-json\/wp\/v2\/pages\/59500"}],"collection":[{"href":"https:\/\/legado.redeicm.org.br\/auxiliadora\/wp-json\/wp\/v2\/pages"}],"about":[{"href":"https:\/\/legado.redeicm.org.br\/auxiliadora\/wp-json\/wp\/v2\/types\/page"}],"author":[{"embeddable":true,"href":"https:\/\/legado.redeicm.org.br\/auxiliadora\/wp-json\/wp\/v2\/users\/1"}],"replies":[{"embeddable":true,"href":"https:\/\/legado.redeicm.org.br\/auxiliadora\/wp-json\/wp\/v2\/comments?post=59500"}],"version-history":[{"count":5,"href":"https:\/\/legado.redeicm.org.br\/auxiliadora\/wp-json\/wp\/v2\/pages\/59500\/revisions"}],"predecessor-version":[{"id":110718,"href":"https:\/\/legado.redeicm.org.br\/auxiliadora\/wp-json\/wp\/v2\/pages\/59500\/revisions\/110718"}],"wp:attachment":[{"href":"https:\/\/legado.redeicm.org.br\/auxiliadora\/wp-json\/wp\/v2\/media?parent=59500"}],"curies":[{"name":"wp","href":"https:\/\/api.w.org\/{rel}","templated":true}]}}