{"id":39238,"date":"2017-03-01T18:10:20","date_gmt":"2017-03-01T21:10:20","guid":{"rendered":"https:\/\/redeicm.org.br\/auxiliadora\/?page_id=39238"},"modified":"2023-12-18T10:37:03","modified_gmt":"2023-12-18T13:37:03","slug":"normas-de-convivencia","status":"publish","type":"page","link":"https:\/\/legado.redeicm.org.br\/auxiliadora\/normas-de-convivencia\/","title":{"rendered":"Normas de Conviv\u00eancia"},"content":{"rendered":"<h2 style=\"display:none\">Sobre as Normas de Conviv\u00eancia<\/h2>\n<p>Para que todos tenham a mesma refer\u00eancia na sua conduta, a Escola Auxiliadora, baseada na Proposta Educacional da Congrega\u00e7\u00e3o das Irm\u00e3s do Imaculado Cora\u00e7\u00e3o de Maria, estabelece normas, a fim de que a Comunidade Escolar mantenha uma conviv\u00eancia saud\u00e1vel.<\/p>\n<p>1. O uso do uniforme \u00e9 obrigat\u00f3rio todos os dias, independente de lanches compartilhados, datas comemorativas e passeios da escola (camiseta da escola\/bermuda ou cal\u00e7a da escola ou jeans azul).<\/p>\n<p>2. O uso do uniforme \u00e9 obrigat\u00f3rio para os Alunos da manh\u00e3 e da tarde, inclusive para frequentarem refor\u00e7os escolares, laborat\u00f3rios de aprendizagem, biblioteca e outros no turno inverso.<\/p>\n<p>3. O uso do celular \u00e9 proibido, salvo quando solicitado pelo professor. Consequ\u00eancia: caso utilize o celular sem a permiss\u00e3o do professor, o mesmo ser\u00e1 retirado e levado \u00e0 dire\u00e7\u00e3o e os pais dever\u00e3o retirar.<\/p>\n<p>4. Sa\u00eddas antecipadas, somente com a autoriza\u00e7\u00e3o dos pais via agenda. N\u00e3o ser\u00e1 aceito pedido via telefone.<\/p>\n<p>5. Quando faltar aula, o aluno deve buscar o material com o professor ou um colega.<\/p>\n<p>6. Trazer agenda todos os dias.<\/p>\n<p>7. Trazer copo ou garrafinha de \u00e1gua todos os dias.<\/p>\n<p>8. Sempre respeitar os professores, funcion\u00e1rios, irm\u00e3s e colegas.<\/p>\n<p>9. Zelar pelo patrim\u00f4nio escolar.<\/p>\n<p>10. Vestir roupas adequadas e cabelo amarrado para a Educa\u00e7\u00e3o F\u00edsica. Consequ\u00eancia: n\u00e3o participa da aula pr\u00e1tica e realiza um relat\u00f3rio da aula.<\/p>\n<p>11. Responsabilizar-se pelos seus pertences e materiais, identificando-os. A escola n\u00e3o se responsabiliza pela perda dos objetos.<\/p>\n<p>12. O n\u00e3o comparecimento na prova na data marcada pelo professor, somente ser\u00e1 realizada em data posterior e turno inverso mediante a apresenta\u00e7\u00e3o de atestado m\u00e9dico \u00e0 coordena\u00e7\u00e3o no prazo de 48h ap\u00f3s o retorno a escola.<\/p>\n<p>13. Xerox e impress\u00f5es particulares ser\u00e3o cobradas e dever\u00e3o ser feitas na hora do recreio.<\/p>\n<p>14. \u00c9 dever do aluno entregar os trabalhos nas datas estipuladas, bem como realizar os temas de casa.<\/p>\n<p>15. Expressamente proibido portar canivetes, facas, lan\u00e7as ou qualquer tipo de objeto que ofere\u00e7a risco a si e aos outros.<\/p>\n<p>16. Agress\u00f5es f\u00edsicas e verbais dentro do ambiente escolas s\u00e3o INADMISS\u00cdVEIS e receber\u00e3o sans\u00f5es de acordo com a LEI N\u00ba 13.185, de 6 de novembro de 2015.<\/p>\n<p>17. Atestados por doen\u00e7a justificam, por\u00e9m n\u00e3o abonam faltas.<\/p>\n<p>18. Tr\u00eas faltas consecutivas sem aviso ser\u00e3o comunicadas ao conselho tutelar.<\/p>\n<p>19. O aluno que exceder 25% de faltas ao longo do ano ser\u00e1 reprovado.<\/p>\n<p>20. Todas as disciplinas s\u00e3o importantes e, por isso, podem reprovar o aluno.<\/p>\n<p>21.\u00a0Grupos de WhatsApp: professores n\u00e3o participar\u00e3o de grupos de pais e nem de alunos e n\u00e3o responder\u00e3o mensagens, incluindo demais m\u00eddias sociais. O \u00fanico meio de comunica\u00e7\u00e3o \u00e9 a agenda.<\/p>\n<p>22. Assuntos abordados em grupos de WhatsApp e demais redes sociais s\u00e3o de responsabilidade dos alunos e dos pais \u2013 N\u00c3O SER\u00c3O ABORDADOS E NEM DISCUTIDOS NA ESCOLA.<\/p>\n<p>23. A sa\u00edda de Alunos, durante as aulas, para irem \u00e0 biblioteca, secretaria, tesouraria, xerox, bar, sala dos Professores, recep\u00e7\u00f5es, SOP \u2026 <strong>n\u00e3o \u00e9 permitida<\/strong>. Esses servi\u00e7os atendem durante o recreio, nos per\u00edodos livres e nos turnos inversos.<\/p>\n<p>24. A entrega de materiais e recados \u00e9 feita somente na troca de per\u00edodos, bem como a entrada e a libera\u00e7\u00e3o de Alunos. As aulas n\u00e3o s\u00e3o interrompidas.<\/p>\n<p>25. Os Alunos que n\u00e3o est\u00e3o em sala de aula, no in\u00edcio dos per\u00edodos, aguardam a pr\u00f3xima aula na biblioteca.<\/p>\n<p>26. Por medida de seguran\u00e7a, durante o recreio e nos per\u00edodos de aulas em salas especiais, a sala de aula \u00e9 chaveada, n\u00e3o permanecendo ali nenhum Aluno.<\/p>\n<p>27. O material escolar e o uniforme devem ser identificados. Em caso de perda, procurar na recep\u00e7\u00e3o.<\/p>\n<p>28. A Escola n\u00e3o se responsabiliza pelos pertences dos Alunos (jogos eletr\u00f4nicos, aparelhos, joias, valores em dinheiro, celulares, pe\u00e7as do uniforme, material escolar\u2026).<\/p>\n<p>29. Os comunicados aos Pais\/Respons\u00e1veis e aos Professores s\u00e3o feitos via agenda da Escola, obedecendo \u00e0 data (inclusive casos de sa\u00eddas antecipadas). Pedidos feitos por telefone ou em outro local que n\u00e3o seja a referida agenda n\u00e3o s\u00e3o aceitos.<\/p>\n<p>30. Ap\u00f3s sinal para a troca de per\u00edodos, os alunos devem permanecer em sala, preparando-se para a pr\u00f3xima aula.<\/p>\n<p>31. A escola n\u00e3o administra qualquer tipo de medica\u00e7\u00e3o vinda de casa sem a receita m\u00e9dica \u2013 Exig\u00eancia da Vigil\u00e2ncia Sanit\u00e1ria.<\/p>\n<p>32. N\u00e3o \u00e9 permitido o uso da internet para acesso \u00e0s redes sociais, sites de jogos, chats e afins.<\/p>\n<p>33. A Escola n\u00e3o fornece endere\u00e7os, telefones, e-mails e afins de Alunos, Professores e respectivos familiares.<\/p>\n<p>34. Uniformes customizados ou modificados na sua estrutura original n\u00e3o ser\u00e3o aceitos.<\/p>\n<p>35. Bon\u00e9 n\u00e3o faz parte do uniforme escolar, portanto n\u00e3o \u00e9 permitido o uso em sala de aula.<\/p>\n<p>36. \u00c9 proibido \u00a0gravar aulas, palestras, encontros, educadores e colegas sem autoriza\u00e7\u00e3o.<\/p>\n<p>37. \u00c9 proibido publicar na internet, fotos, filmagens ou brincadeiras que envolvam educadores, colegas ou a Escola em geral sem autoriza\u00e7\u00e3o.<\/p>\n<p>38. \u00c9 proibido fraudar trabalhos, provas ou objetos, pois implicar\u00e1 em penalidades.<\/p>\n<p>39. Alunos e familiares devem acatar os crit\u00e9rios utilizados pela Escola para a organiza\u00e7\u00e3o das turmas, dos hor\u00e1rios e das regras.<\/p>\n<div class=\"angwp_90620 _ning_cont _ning_hidden _ning_outer _align_center responsive\" data-size=\"300x250\" data-bid=\"90620\" data-aid=\"0\" style=\"max-width:300px; width:100%;height:inherit;\"><div class=\"_ning_label _left\" style=\"\"><\/div><div class=\"_ning_inner\" style=\"\"><\/div><\/div><div class=\"clear\"><\/div>","protected":false},"excerpt":{"rendered":"<p>Sobre as Normas de Conviv\u00eancia Para que todos tenham a mesma refer\u00eancia na sua conduta, a Escola Auxiliadora, baseada na Proposta Educacional da Congrega\u00e7\u00e3o das Irm\u00e3s do Imaculado Cora\u00e7\u00e3o de Maria, estabelece normas, a fim de que a Comunidade Escolar mantenha uma conviv\u00eancia saud\u00e1vel. 1. O uso do uniforme \u00e9 obrigat\u00f3rio todos os dias, independente&#8230;<\/p>\n","protected":false},"author":49,"featured_media":0,"parent":0,"menu_order":0,"comment_status":"closed","ping_status":"closed","template":"","meta":{"_acf_changed":false,"_monsterinsights_skip_tracking":false,"_monsterinsights_sitenote_active":false,"_monsterinsights_sitenote_note":"","_monsterinsights_sitenote_category":0,"footnotes":""},"class_list":["post-39238","page","type-page","status-publish","hentry"],"acf":[],"_links":{"self":[{"href":"https:\/\/legado.redeicm.org.br\/auxiliadora\/wp-json\/wp\/v2\/pages\/39238"}],"collection":[{"href":"https:\/\/legado.redeicm.org.br\/auxiliadora\/wp-json\/wp\/v2\/pages"}],"about":[{"href":"https:\/\/legado.redeicm.org.br\/auxiliadora\/wp-json\/wp\/v2\/types\/page"}],"author":[{"embeddable":true,"href":"https:\/\/legado.redeicm.org.br\/auxiliadora\/wp-json\/wp\/v2\/users\/49"}],"replies":[{"embeddable":true,"href":"https:\/\/legado.redeicm.org.br\/auxiliadora\/wp-json\/wp\/v2\/comments?post=39238"}],"version-history":[{"count":7,"href":"https:\/\/legado.redeicm.org.br\/auxiliadora\/wp-json\/wp\/v2\/pages\/39238\/revisions"}],"predecessor-version":[{"id":152918,"href":"https:\/\/legado.redeicm.org.br\/auxiliadora\/wp-json\/wp\/v2\/pages\/39238\/revisions\/152918"}],"wp:attachment":[{"href":"https:\/\/legado.redeicm.org.br\/auxiliadora\/wp-json\/wp\/v2\/media?parent=39238"}],"curies":[{"name":"wp","href":"https:\/\/api.w.org\/{rel}","templated":true}]}}