{"id":39234,"date":"2017-03-01T18:09:39","date_gmt":"2017-03-01T21:09:39","guid":{"rendered":"https:\/\/redeicm.org.br\/auxiliadora\/?page_id=39234"},"modified":"2023-12-18T11:29:26","modified_gmt":"2023-12-18T14:29:26","slug":"proposta-educacional","status":"publish","type":"page","link":"https:\/\/legado.redeicm.org.br\/auxiliadora\/proposta-educacional\/","title":{"rendered":"Proposta Educacional"},"content":{"rendered":"<h2 style=\"display:none\">Sobre nossa Proposta Pedag\u00f3gica<\/h2>\n<p><strong>Nossa proposta Pedag\u00f3gica consistem em&#8230;<\/strong><\/p>\n<p>Garantir a excel\u00eancia humana e pedag\u00f3gica, um processo formativo integral e inovador, que possibilita o &#8220;desenvolvimento do senso cr\u00edtico, da \u00e9tica, da solidariedade e da cidadania&#8221;.<\/p>\n<p>Favorecer a constru\u00e7\u00e3o do conhecimento e do desenvolvimento humano, cientifico, tecnol\u00f3gico e espiritual.<\/p>\n<p>&nbsp;<\/p>\n<p><strong>Miss\u00e3o da Educa\u00e7\u00e3o:<\/strong><\/p>\n<p>Promover\u00a0e Educa\u00e7\u00e3o de excel\u00eancia, que priorize a vida e a ci\u00eancia, contribuindo para a forma\u00e7\u00e3o de pessoas conscientes e solid\u00e1rias, comprometidas com a constru\u00e7\u00e3o de um mundo melhor.<\/p>\n<p><strong>Vis\u00e3o da Educa\u00e7\u00e3o:<\/strong><\/p>\n<p>ser uma Rede de Escolas de excel\u00eancia com pr\u00e1ticas e ambientes pedag\u00f3gicos inovadores, que capacitem os estudantes a enfrentarem os desafios da sociedade do conhecimento.<\/p>\n<p>&nbsp;<\/p>\n<p><strong>Projeto Educativo &#8211; ICM<\/strong><\/p>\n<div class=\"angwp_90620 _ning_cont _ning_hidden _ning_outer _align_center responsive\" data-size=\"300x250\" data-bid=\"90620\" data-aid=\"0\" style=\"max-width:300px; width:100%;height:inherit;\"><div class=\"_ning_label _left\" style=\"\"><\/div><div class=\"_ning_inner\" style=\"\"><\/div><\/div><div class=\"clear\"><\/div>","protected":false},"excerpt":{"rendered":"<p>Sobre nossa Proposta Pedag\u00f3gica Nossa proposta Pedag\u00f3gica consistem em&#8230; Garantir a excel\u00eancia humana e pedag\u00f3gica, um processo formativo integral e inovador, que possibilita o &#8220;desenvolvimento do senso cr\u00edtico, da \u00e9tica, da solidariedade e da cidadania&#8221;. Favorecer a constru\u00e7\u00e3o do conhecimento e do desenvolvimento humano, cientifico, tecnol\u00f3gico e espiritual. &nbsp; Miss\u00e3o da Educa\u00e7\u00e3o: Promover\u00a0e Educa\u00e7\u00e3o de&#8230;<\/p>\n","protected":false},"author":49,"featured_media":0,"parent":0,"menu_order":0,"comment_status":"closed","ping_status":"closed","template":"","meta":{"_acf_changed":false,"_monsterinsights_skip_tracking":false,"_monsterinsights_sitenote_active":false,"_monsterinsights_sitenote_note":"","_monsterinsights_sitenote_category":0,"footnotes":""},"class_list":["post-39234","page","type-page","status-publish","hentry"],"acf":[],"_links":{"self":[{"href":"https:\/\/legado.redeicm.org.br\/auxiliadora\/wp-json\/wp\/v2\/pages\/39234"}],"collection":[{"href":"https:\/\/legado.redeicm.org.br\/auxiliadora\/wp-json\/wp\/v2\/pages"}],"about":[{"href":"https:\/\/legado.redeicm.org.br\/auxiliadora\/wp-json\/wp\/v2\/types\/page"}],"author":[{"embeddable":true,"href":"https:\/\/legado.redeicm.org.br\/auxiliadora\/wp-json\/wp\/v2\/users\/49"}],"replies":[{"embeddable":true,"href":"https:\/\/legado.redeicm.org.br\/auxiliadora\/wp-json\/wp\/v2\/comments?post=39234"}],"version-history":[{"count":5,"href":"https:\/\/legado.redeicm.org.br\/auxiliadora\/wp-json\/wp\/v2\/pages\/39234\/revisions"}],"predecessor-version":[{"id":152926,"href":"https:\/\/legado.redeicm.org.br\/auxiliadora\/wp-json\/wp\/v2\/pages\/39234\/revisions\/152926"}],"wp:attachment":[{"href":"https:\/\/legado.redeicm.org.br\/auxiliadora\/wp-json\/wp\/v2\/media?parent=39234"}],"curies":[{"name":"wp","href":"https:\/\/api.w.org\/{rel}","templated":true}]}}