{"id":39222,"date":"2017-03-01T17:54:20","date_gmt":"2017-03-01T20:54:20","guid":{"rendered":"https:\/\/redeicm.org.br\/auxiliadora\/?page_id=39222"},"modified":"2023-12-18T11:05:36","modified_gmt":"2023-12-18T14:05:36","slug":"manual-da-marca","status":"publish","type":"page","link":"https:\/\/legado.redeicm.org.br\/auxiliadora\/manual-da-marca\/","title":{"rendered":"Manual da Marca"},"content":{"rendered":"<h2 style=\"display:none\">Sobre o Manual da Marca<\/h2>\n<p>Para aplica\u00e7\u00f5es da\u00a0<strong>ASSINATURA VISUAL DO COL\u00c9GIO NOSSA SENHORA AUXILIADORA<\/strong>, dever\u00e3o ser observados os conceitos e regras estabelecidas atrav\u00e9s do\u00a0<strong>Manual de Identidade Visual<\/strong>\u00a0do Col\u00e9gio.<\/p>\n<h3><a href=\"https:\/\/redeicm.org.br\/auxiliadora\/wp-content\/uploads\/sites\/4\/2017\/03\/ICM_IDV_guia-de-reproducao_auxiliadora.pdf\"><img loading=\"lazy\" decoding=\"async\" class=\"alignnone  wp-image-39223\" src=\"https:\/\/redeicm.org.br\/auxiliadora\/wp-content\/uploads\/sites\/4\/2017\/03\/unnamed-150x150.png\" alt=\"\" width=\"50\" height=\"50\" \/>Manual de Identidade Visual do Col\u00e9gio Nossa Senhora Auxiliadora<\/a><\/h3>\n<div class=\"angwp_90620 _ning_cont _ning_hidden _ning_outer _align_center responsive\" data-size=\"300x250\" data-bid=\"90620\" data-aid=\"0\" style=\"max-width:300px; width:100%;height:inherit;\"><div class=\"_ning_label _left\" style=\"\"><\/div><div class=\"_ning_inner\" style=\"\"><\/div><\/div><div class=\"clear\"><\/div>","protected":false},"excerpt":{"rendered":"<p>Sobre o Manual da Marca Para aplica\u00e7\u00f5es da\u00a0ASSINATURA VISUAL DO COL\u00c9GIO NOSSA SENHORA AUXILIADORA, dever\u00e3o ser observados os conceitos e regras estabelecidas atrav\u00e9s do\u00a0Manual de Identidade Visual\u00a0do Col\u00e9gio. Manual de Identidade Visual do Col\u00e9gio Nossa Senhora Auxiliadora<\/p>\n","protected":false},"author":49,"featured_media":0,"parent":0,"menu_order":0,"comment_status":"closed","ping_status":"closed","template":"","meta":{"_acf_changed":false,"_monsterinsights_skip_tracking":false,"_monsterinsights_sitenote_active":false,"_monsterinsights_sitenote_note":"","_monsterinsights_sitenote_category":0,"footnotes":""},"class_list":["post-39222","page","type-page","status-publish","hentry"],"acf":[],"_links":{"self":[{"href":"https:\/\/legado.redeicm.org.br\/auxiliadora\/wp-json\/wp\/v2\/pages\/39222"}],"collection":[{"href":"https:\/\/legado.redeicm.org.br\/auxiliadora\/wp-json\/wp\/v2\/pages"}],"about":[{"href":"https:\/\/legado.redeicm.org.br\/auxiliadora\/wp-json\/wp\/v2\/types\/page"}],"author":[{"embeddable":true,"href":"https:\/\/legado.redeicm.org.br\/auxiliadora\/wp-json\/wp\/v2\/users\/49"}],"replies":[{"embeddable":true,"href":"https:\/\/legado.redeicm.org.br\/auxiliadora\/wp-json\/wp\/v2\/comments?post=39222"}],"version-history":[{"count":2,"href":"https:\/\/legado.redeicm.org.br\/auxiliadora\/wp-json\/wp\/v2\/pages\/39222\/revisions"}],"predecessor-version":[{"id":152925,"href":"https:\/\/legado.redeicm.org.br\/auxiliadora\/wp-json\/wp\/v2\/pages\/39222\/revisions\/152925"}],"wp:attachment":[{"href":"https:\/\/legado.redeicm.org.br\/auxiliadora\/wp-json\/wp\/v2\/media?parent=39222"}],"curies":[{"name":"wp","href":"https:\/\/api.w.org\/{rel}","templated":true}]}}