{"id":39138,"date":"2017-01-12T22:51:07","date_gmt":"2017-01-13T00:51:07","guid":{"rendered":"https:\/\/redeicm.org.br\/maededeus\/?page_id=39138"},"modified":"2024-04-02T17:05:19","modified_gmt":"2024-04-02T20:05:19","slug":"cursos","status":"publish","type":"page","link":"https:\/\/legado.redeicm.org.br\/auxiliadora\/cursos\/","title":{"rendered":"Etapas de Ensino"},"content":{"rendered":"<section class=\"wpb-content-wrapper\"><section class=\"l-section wpb_row height_medium\"><div class=\"l-section-h i-cf\"><div class=\"g-cols vc_row via_grid cols_1 laptops-cols_inherit tablets-cols_inherit mobiles-cols_1 valign_top type_default stacking_default\"><div class=\"wpb_column vc_column_container\"><div class=\"vc_column-inner\"><div class=\"wpb_text_column\"><div class=\"wpb_wrapper\"><section class=\"l-section wpb_row height_medium\">\n<div class=\"l-section-h i-cf\">\n<div class=\"g-cols type_default\">\n<div class=\"vc_col-sm-12 wpb_column vc_column_container\">\n<div class=\"vc_column-inner\">\n<div class=\"wpb_wrapper\">\n<div class=\"wpb_text_column \">\n<div class=\"wpb_wrapper\">\n<p style=\"text-align: justify\">A Escola oferece \u00a0projetos de car\u00e1ter multi e interdisciplinar visando \u00e0 forma\u00e7\u00e3o integral do educando, sendo estes nas dimens\u00f5es social, pol\u00edtica,\u00a0 cognitiva, afetiva, \u00e9tica e religiosa, que permeiam o projeto pol\u00edtico pedag\u00f3gico.<\/p>\n<p style=\"text-align: justify\">Os conte\u00fados s\u00e3o desenvolvidos atrav\u00e9s de situa\u00e7\u00f5es de aprendizagem que favore\u00e7am as diversas \u00e1reas do conhecimento, desenvolvendo compet\u00eancias e habilidades por meio de diferentes estrat\u00e9gias de ensino.<\/p>\n<\/div>\n<\/div>\n<\/div>\n<\/div>\n<\/div>\n<\/div>\n<\/div>\n<\/section>\n<\/div><\/div><div class=\"w-tabs layout_ver navwidth_auto navpos_left style_default switch_click has_scrolling\" style=\"--sections-title-size:1em\"><div class=\"w-tabs-list items_4 align_none\"><div class=\"w-tabs-list-h\"><button class=\"w-tabs-item active\" aria-controls=\"content-z35b\"><span class=\"w-tabs-item-title\">Educa\u00e7\u00e3o Infantil<\/span><\/button><button class=\"w-tabs-item\" aria-controls=\"content-y67f\"><span class=\"w-tabs-item-title\">Ensino Fundamental &#8211; Anos Iniciais<\/span><\/button><button class=\"w-tabs-item\" aria-controls=\"content-g940\"><span class=\"w-tabs-item-title\">Ensino Fundamental &#8211; Anos Finais<\/span><\/button><button class=\"w-tabs-item\" aria-controls=\"content-wbc9\"><span class=\"w-tabs-item-title\">Extracurricular<\/span><\/button><\/div><\/div><div class=\"w-tabs-sections titles-align_none icon_chevron cpos_right\"><div class=\"w-tabs-section active\" id=\"z35b\"><button aria-controls=\"content-z35b\" class=\"w-tabs-section-header active\"><div class=\"w-tabs-section-title\">Educa\u00e7\u00e3o Infantil<\/div><div class=\"w-tabs-section-control\"><\/div><\/button><div  class=\"w-tabs-section-content\" id=\"content-z35b\" aria-expanded=\"true\"><div class=\"w-tabs-section-content-h i-cf\"><div class=\"wpb_text_column us_custom_df5f4c97 has_text_color\"><div class=\"wpb_wrapper\"><div class=\"l-main\">\n<div class=\"l-main-h i-cf\">\n<section class=\"l-section\">\n<div class=\"l-section-h i-cf\">\n<p style=\"text-align: justify\">A <strong>Educa\u00e7\u00e3o Infantil<\/strong> tem a finalidade de proporcionar \u00e0 crian\u00e7a a viv\u00eancia de valores humanos e crist\u00e3os; desenvolver a criatividade; promover a socializa\u00e7\u00e3o, a busca de identidade, o desenvolvimento afetivo e motor na constru\u00e7\u00e3o do conhecimento; a estrutura\u00e7\u00e3o da intelig\u00eancia e amplia\u00e7\u00e3o social.<\/p>\n<pre><strong>EDUCA\u00c7\u00c3O INFANTIL \u2013 (Turno da\u00a0 Manh\u00e3 e Tarde)<\/strong><\/pre>\n<p style=\"text-align: justify\">\u2022 Ber\u00e7\u00e1rio\u00a0 \u2013 Idade: 4 meses a 1 ano<\/p>\n<p style=\"text-align: justify\">\u2022 Ber\u00e7\u00e1rio II \u2013 Idade: 1 a 2 anos<\/p>\n<p style=\"text-align: justify\">\u2022 Maternal I \u2013 Idade: 2 anos<\/p>\n<p style=\"text-align: justify\">\u2022 Maternal II \u2013 Idade: 3 anos<\/p>\n<p style=\"text-align: justify\">\u2022 Pr\u00e9 Escola N\u00edvel \u201cA\u201d e \u201cB\u201d \u2013 Idade: 4 e 5 anos completos at\u00e9 mar\u00e7o do ano em curso.<\/p>\n<p style=\"text-align: justify\">\n<\/div>\n<p style=\"text-align: justify\"><strong>Coordenadora Pedag\u00f3gica Emanuele Froner\u00a0 \u2013 coordenacao@auxiliadorafw.com.br<\/strong><\/p>\n<p style=\"text-align: justify\">\n<\/section>\n<div class=\"wpb_text_column\">\n<div class=\"wpb_wrapper\">\n<pre><strong>OPORTUNIDADES DIFERENCIADAS NO CURR\u00cdCULO:<\/strong><\/pre>\n<ul style=\"text-align: justify\">\n<li>Aula de Musicalidade<\/li>\n<li>Aula de Motricidade<\/li>\n<\/ul>\n<pre>ATIVIDADES EXTRACURRICULARES \u2013 (com custo adicional)<\/pre>\n<ul>\n<li style=\"text-align: justify\">Ballet<\/li>\n<li style=\"text-align: justify\">Gin\u00e1stica<\/li>\n<\/ul>\n<\/div>\n<\/div>\n<\/div>\n<\/div>\n<\/div><\/div><div class=\"w-separator size_small with_line width_default thick_1 style_solid color_border align_center with_content\"><div class=\"w-separator-h\"><i class=\"fas fa-chevron-down\"><\/i><\/div><\/div><div class=\"wpb_text_column us_custom_df5f4c97 has_text_color\"><div class=\"wpb_wrapper\"><div class=\"l-main\">\n<div class=\"l-main-h i-cf\"><strong>Galeria de Fotos<\/strong><\/div>\n<\/div>\n<\/div><\/div><div class=\"w-separator size_small\"><\/div><div class=\"w-image style_outlined align_none\"><a target=\"_blank\" href=\"https:\/\/www.redeicm.org.br\/auxiliadora\/vamos-brincar-de-culinaria-pre-2\/\" rel=\"noopener\" aria-label=\"Link\" class=\"w-image-h\"><img loading=\"lazy\" decoding=\"async\" width=\"225\" height=\"300\" src=\"https:\/\/legado.redeicm.org.br\/auxiliadora\/wp-content\/uploads\/sites\/4\/2024\/04\/WhatsApp-Image-2024-04-02-at-11.28.11-225x300.jpg\" class=\"attachment-medium size-medium\" alt=\"\" srcset=\"https:\/\/legado.redeicm.org.br\/auxiliadora\/wp-content\/uploads\/sites\/4\/2024\/04\/WhatsApp-Image-2024-04-02-at-11.28.11-225x300.jpg 225w, https:\/\/legado.redeicm.org.br\/auxiliadora\/wp-content\/uploads\/sites\/4\/2024\/04\/WhatsApp-Image-2024-04-02-at-11.28.11-600x800.jpg 600w, https:\/\/legado.redeicm.org.br\/auxiliadora\/wp-content\/uploads\/sites\/4\/2024\/04\/WhatsApp-Image-2024-04-02-at-11.28.11.jpg 768w\" sizes=\"(max-width: 225px) 100vw, 225px\" \/><\/a><\/div><\/div><\/div><\/div><div class=\"w-tabs-section\" id=\"y67f\"><button aria-controls=\"content-y67f\" class=\"w-tabs-section-header\"><div class=\"w-tabs-section-title\">Ensino Fundamental &#8211; Anos Iniciais<\/div><div class=\"w-tabs-section-control\"><\/div><\/button><div  class=\"w-tabs-section-content\" id=\"content-y67f\" aria-expanded=\"false\"><div class=\"w-tabs-section-content-h i-cf\"><div class=\"wpb_text_column us_custom_b021466a has_text_color\"><div class=\"wpb_wrapper\"><div class=\"l-main\">\n<div class=\"l-main-h i-cf\">\n<section class=\"l-section\">\n<div class=\"l-section-h i-cf\">\n<p><strong>NOS ANOS INICIAIS DO ENSINO FUNDAMENTAL<\/strong> (1\u00ba ao 5\u00ba ano) \u00e9 oportunizado:<br \/>\n\u2013 o desenvolvimento integral do educando;<br \/>\n\u2013 a constru\u00e7\u00e3o de conhecimentos b\u00e1sicos, sistematizados e significativos;<br \/>\n\u2013 o dom\u00ednio de instrumentos de compreens\u00e3o cr\u00edtica da realidade, da auto-express\u00e3o e da comunica\u00e7\u00e3o social;<br \/>\n\u2013 a forma\u00e7\u00e3o para a cidadania, integra\u00e7\u00e3o e a participa\u00e7\u00e3o na conviv\u00eancia humana;<br \/>\n\u2013 a forma\u00e7\u00e3o de uma consci\u00eancia social, cr\u00edtica, solid\u00e1ria e democr\u00e1tica.<\/p>\n<p>Temos como indicadores de sa\u00edda para a etapa doo Ensino Fundamental ANOS INICIAIS:<\/p>\n<p>\u2013 Leitura compreensiva;<br \/>\n\u2013 Saber admirar;<br \/>\n\u2013 Capacidade de estabelecer rela\u00e7\u00f5es;<br \/>\n\u2013 Expressar ideias logicamente;<br \/>\n\u2013 Consci\u00eancia de sua corporeidade;<br \/>\n\u2013 Utiliza\u00e7\u00e3o do c\u00f3digo ortogr\u00e1fico;<br \/>\n\u2013 Atitude investigat\u00f3ria, criativa, cooperativa, aut\u00f4noma e solid\u00e1ria.<\/p>\n<p><strong>Coordenadora Pedag\u00f3gica Anilce Arboit \u2013<\/strong><a href=\"mailto:sopei@madrebarbara.com.br\"> anilce.arboit@redeicm.org.br<\/a><\/p>\n<h6><\/h6>\n<\/div>\n<div class=\"wpb_text_column\">\n<div class=\"wpb_wrapper\">\n<pre><strong><em>OPORTUNIDADES DIFERENCIADAS NO CURR\u00cdCULO:<\/em><\/strong><\/pre>\n<ul>\n<li>Matific \u2013 1\u00ba ao 5\u00ba ano<\/li>\n<li>L\u00edder em Mim \u2013 1\u00ba ao 5\u00ba ano<\/li>\n<li>Sistema de Ensino Bernoulli<\/li>\n<li>Reda\u00e7\u00e3o Destaque \u2013 5\u00ba ano<\/li>\n<\/ul>\n<\/div>\n<\/div>\n<\/section>\n<\/div>\n<\/div>\n<\/div><\/div><\/div><\/div><\/div><div class=\"w-tabs-section\" id=\"g940\"><button aria-controls=\"content-g940\" class=\"w-tabs-section-header\"><div class=\"w-tabs-section-title\">Ensino Fundamental &#8211; Anos Finais<\/div><div class=\"w-tabs-section-control\"><\/div><\/button><div  class=\"w-tabs-section-content\" id=\"content-g940\" aria-expanded=\"false\"><div class=\"w-tabs-section-content-h i-cf\"><div class=\"wpb_text_column\"><div class=\"wpb_wrapper\"><div class=\"l-main\">\n<div class=\"l-main-h i-cf\">\n<section class=\"l-section\">\n<div class=\"l-section-h i-cf\">\n<p class=\"Fonte_texto_corpo\"><strong>NOS ANOS FINAIS DO ENSINO FUNDAMENTAL<\/strong> \u00e9 oportunizado:<br \/>\n\u2013 o desenvolvimento <strong>integral <\/strong>do educando;<br \/>\n\u2013 a constru\u00e7\u00e3o de <strong>conhecimentos<\/strong> b\u00e1sicos, sistematizados e significativos;<br \/>\n\u2013 o <strong>dom\u00ednio de instrumentos<\/strong> de compreens\u00e3o cr\u00edtica da realidade, da auto-express\u00e3o e da comunica\u00e7\u00e3o social;<br \/>\n\u2013 a forma\u00e7\u00e3o para a <strong>cidadania, <\/strong>integra\u00e7\u00e3o e a participa\u00e7\u00e3o na conviv\u00eancia humana;<br \/>\n\u2013 a <strong>forma\u00e7\u00e3o de uma consci\u00eancia<\/strong> social, cr\u00edtica, solid\u00e1ria e democr\u00e1tica.<\/p>\n<p class=\"Fonte_texto_corpo\">Temos como indicadores de sa\u00edda para a etapa do Ensino Fundamental ANOS FINAIS:<\/p>\n<p class=\"Fonte_texto_corpo\">\u2013 Flu\u00eancia verbal;<br \/>\n\u2013 Argumenta\u00e7\u00e3o;<br \/>\n\u2013 Atitude cr\u00edtica, criativa e cooperativa;<br \/>\n\u2013 Autonomia intelectual;<br \/>\n\u2013 Iniciativa;<br \/>\n\u2013 Dom\u00ednio da leitura e da escrita.<\/p>\n<h6><\/h6>\n<\/div>\n<p><strong>Coordenadora Pedag\u00f3gica Grazieli Noro Grabowski &#8211;\u00a0<\/strong><a href=\"mailto:sop@madrebarbara.com.br\">grazi.coordenacao@auxiliadorafw.com.br<\/a><\/p>\n<h6><\/h6>\n<\/section>\n<pre><em><b>OPORTUNIDADES DIFERENCIADAS <\/b><b>NO CURR\u00cdCULO:<\/b><\/em><\/pre>\n<ul>\n<li>Matific \u2013 6\u00ba ano<\/li>\n<li>L\u00edder em Mim \u2013 6\u00ba ao 9\u00ba ano<\/li>\n<li>Sistema de Ensino Bernoulli<\/li>\n<li>Reda\u00e7\u00e3o Destaque \u2013 9\u00ba ano<\/li>\n<li>Plataforma de leitura \u00c1rvore &#8211; 6\u00ba ao 9\u00ba ano<\/li>\n<\/ul>\n<p>&nbsp;<\/p>\n<\/div>\n<\/div>\n<\/div><\/div><\/div><\/div><\/div><div class=\"w-tabs-section\" id=\"1488980251773-e637061a-c549\"><button aria-controls=\"content-1488980251773-e637061a-c549\" class=\"w-tabs-section-header\"><div class=\"w-tabs-section-title\">Extracurricular<\/div><div class=\"w-tabs-section-control\"><\/div><\/button><div  class=\"w-tabs-section-content\" id=\"content-1488980251773-e637061a-c549\" aria-expanded=\"false\"><div class=\"w-tabs-section-content-h i-cf\"><div class=\"wpb_text_column\"><div class=\"wpb_wrapper\"><div class=\"l-main\">\n<div class=\"l-main-h i-cf\">\n<section class=\"l-section\">\n<div class=\"l-section-h i-cf\">\n<p>\u2022<strong> 7:30<\/strong><br \/>\n<strong>Na sala de aula:<\/strong><br \/>\nRecep\u00e7\u00e3o; Organiza\u00e7\u00e3o dos materiais; Ora\u00e7\u00e3o; Chamada; Rotina da manh\u00e3;<br \/>\nTema e hora do estudo.<\/p>\n<p>\u2022 <strong>8:00<\/strong><br \/>\nAtividades pedag\u00f3gicas e dirigidas.<\/p>\n<p><strong>\u20229:30<\/strong><br \/>\nHigiene e lanche.<\/p>\n<p><strong>\u202210:00<\/strong><br \/>\nHora da recrea\u00e7\u00e3o e lazer\/livre ou dirigida.<\/p>\n<p><strong>\u202211:20<\/strong><br \/>\nHigiene; Ora\u00e7\u00e3o e almo\u00e7o.<\/p>\n<p><strong>12:00 \u00e0s 13:15<\/strong><br \/>\nHigiene (escova\u00e7\u00e3o); Hora do descanso e organiza\u00e7\u00e3o para o turno da tarde.<\/p>\n<p><strong>Atividades Pedag\u00f3gicas:<\/strong><br \/>\n-Projetos pedag\u00f3gicos<br \/>\n-Inform\u00e1tica<br \/>\n-M\u00fasica<br \/>\n-Atividades f\u00edsicas<br \/>\n-Biblioteca\/Hora do conto<br \/>\n-Capela<\/p>\n<p><strong>Atividades Dirigidas Recreativas:<\/strong><br \/>\n-Campinho<br \/>\n-Brinquedo de casa<br \/>\n-Pracinha<br \/>\n-Bosque<br \/>\n-Casinha de brinquedos<br \/>\n-Oficinas<br \/>\n-Jogos\/brincadeiras.<\/p>\n<p>&nbsp;<\/p>\n<\/div>\n<p><strong>Coordenadora Pedag\u00f3gica Grazieli Noro Grabowski\u00a0 \u2013<\/strong><a href=\"mailto:sopei@madrebarbara.com.br\"> grazi.coordenacao@auxiliadorafw.com.br<\/a><\/p>\n<\/section>\n<\/div>\n<\/div>\n<\/div><\/div><\/div><\/div><\/div><\/div><\/div><\/div><\/div><\/div><\/div><\/section>\n<div class=\"angwp_90620 _ning_cont _ning_hidden _ning_outer _align_center responsive\" data-size=\"300x250\" data-bid=\"90620\" data-aid=\"0\" style=\"max-width:300px; width:100%;height:inherit;\"><div class=\"_ning_label _left\" style=\"\"><\/div><div class=\"_ning_inner\" style=\"\"><\/div><\/div><div class=\"clear\"><\/div><\/section>","protected":false},"excerpt":{"rendered":"A Escola oferece \u00a0projetos de car\u00e1ter multi e interdisciplinar visando \u00e0 forma\u00e7\u00e3o integral do educando, sendo estes nas dimens\u00f5es social, pol\u00edtica,\u00a0 cognitiva, afetiva, \u00e9tica e religiosa, que permeiam o projeto pol\u00edtico pedag\u00f3gico. Os conte\u00fados s\u00e3o desenvolvidos atrav\u00e9s de situa\u00e7\u00f5es de aprendizagem que favore\u00e7am as diversas \u00e1reas do conhecimento, desenvolvendo compet\u00eancias e habilidades por meio de...","protected":false},"author":49,"featured_media":0,"parent":0,"menu_order":0,"comment_status":"closed","ping_status":"closed","template":"","meta":{"_acf_changed":false,"_monsterinsights_skip_tracking":false,"_monsterinsights_sitenote_active":false,"_monsterinsights_sitenote_note":"","_monsterinsights_sitenote_category":0,"footnotes":""},"class_list":["post-39138","page","type-page","status-publish","hentry"],"acf":[],"_links":{"self":[{"href":"https:\/\/legado.redeicm.org.br\/auxiliadora\/wp-json\/wp\/v2\/pages\/39138"}],"collection":[{"href":"https:\/\/legado.redeicm.org.br\/auxiliadora\/wp-json\/wp\/v2\/pages"}],"about":[{"href":"https:\/\/legado.redeicm.org.br\/auxiliadora\/wp-json\/wp\/v2\/types\/page"}],"author":[{"embeddable":true,"href":"https:\/\/legado.redeicm.org.br\/auxiliadora\/wp-json\/wp\/v2\/users\/49"}],"replies":[{"embeddable":true,"href":"https:\/\/legado.redeicm.org.br\/auxiliadora\/wp-json\/wp\/v2\/comments?post=39138"}],"version-history":[{"count":35,"href":"https:\/\/legado.redeicm.org.br\/auxiliadora\/wp-json\/wp\/v2\/pages\/39138\/revisions"}],"predecessor-version":[{"id":154794,"href":"https:\/\/legado.redeicm.org.br\/auxiliadora\/wp-json\/wp\/v2\/pages\/39138\/revisions\/154794"}],"wp:attachment":[{"href":"https:\/\/legado.redeicm.org.br\/auxiliadora\/wp-json\/wp\/v2\/media?parent=39138"}],"curies":[{"name":"wp","href":"https:\/\/api.w.org\/{rel}","templated":true}]}}