{"id":39099,"date":"2017-01-12T20:02:45","date_gmt":"2017-01-12T22:02:45","guid":{"rendered":"https:\/\/redeicm.org.br\/maededeus\/?page_id=39099"},"modified":"2024-04-02T17:26:37","modified_gmt":"2024-04-02T20:26:37","slug":"direcao","status":"publish","type":"page","link":"https:\/\/legado.redeicm.org.br\/auxiliadora\/direcao\/","title":{"rendered":"DIRE\u00c7\u00c3O"},"content":{"rendered":"<section class=\"wpb-content-wrapper\"><section class=\"l-section wpb_row height_medium\"><div class=\"l-section-h i-cf\"><div class=\"g-cols vc_row via_grid cols_1 laptops-cols_inherit tablets-cols_inherit mobiles-cols_1 valign_top type_default stacking_default\"><div class=\"wpb_column vc_column_container\"><div class=\"vc_column-inner\"><div class=\"w-tabs layout_ver navwidth_auto navpos_left style_default switch_click has_scrolling\" style=\"--sections-title-size:1em\"><div class=\"w-tabs-list items_10 align_none\"><div class=\"w-tabs-list-h\"><button class=\"w-tabs-item active\" aria-controls=\"content-hfa9\"><span class=\"w-tabs-item-title\">DIRE\u00c7\u00c3O<\/span><\/button><button class=\"w-tabs-item\" aria-controls=\"content-mf45\"><span class=\"w-tabs-item-title\">FINANCEIRO<\/span><\/button><button class=\"w-tabs-item\" aria-controls=\"content-f26e\"><span class=\"w-tabs-item-title\">SECRETARIA<\/span><\/button><button class=\"w-tabs-item\" aria-controls=\"content-a565\"><span class=\"w-tabs-item-title\">SERVI\u00c7O DE ORIENTA\u00c7\u00c3O PEDAG\u00d3GICA<\/span><\/button><button class=\"w-tabs-item\" aria-controls=\"content-g791\"><span class=\"w-tabs-item-title\">SERVI\u00c7O DE ORIENTA\u00c7\u00c3O EDUCACIONAL<\/span><\/button><button class=\"w-tabs-item\" aria-controls=\"content-k9f5\"><span class=\"w-tabs-item-title\">BIBLIOTECA<\/span><\/button><button class=\"w-tabs-item\" aria-controls=\"content-fbae\"><span class=\"w-tabs-item-title\">PASTORAL ESCOLAR<\/span><\/button><button class=\"w-tabs-item\" aria-controls=\"content-vdf6\"><span class=\"w-tabs-item-title\">APMAUX<\/span><\/button><button class=\"w-tabs-item\" aria-controls=\"content-nfa4\"><span class=\"w-tabs-item-title\">ASSESSORIA DE COMUNICA\u00c7\u00c3O<\/span><\/button><button class=\"w-tabs-item\" aria-controls=\"content-d130\"><span class=\"w-tabs-item-title\">SERVI\u00c7OS DE TI<\/span><\/button><\/div><\/div><div class=\"w-tabs-sections titles-align_none icon_chevron cpos_right\"><div class=\"w-tabs-section active\" id=\"hfa9\"><button aria-controls=\"content-hfa9\" class=\"w-tabs-section-header active\"><div class=\"w-tabs-section-title\">DIRE\u00c7\u00c3O<\/div><div class=\"w-tabs-section-control\"><\/div><\/button><div  class=\"w-tabs-section-content\" id=\"content-hfa9\" aria-expanded=\"true\"><div class=\"w-tabs-section-content-h i-cf\"><div class=\"wpb_text_column\"><div class=\"wpb_wrapper\"><div class=\"l-section-h i-cf\">\n<p style=\"text-align: justify\"><strong>DIRE\u00c7\u00c3O:<\/strong><br \/>\nLuciane Bonfanti<\/p>\n<p style=\"text-align: justify\"><strong>VICE-DIRE\u00c7\u00c3O:<\/strong><\/p>\n<p style=\"text-align: justify\">Grazieli Noro Grabowski<\/p>\n<p style=\"text-align: justify\">A\u00a0Dire\u00e7\u00e3o tem como objetivos, coordenar cooperativamente, promover, dinamizar e integrar os Organismos e Setores, unificando e dando coes\u00e3o ao processo, buscando estabelecer rela\u00e7\u00f5es de efetiva participa\u00e7\u00e3o, onde se vivencie experi\u00eancias que sejam antecipadas da Nova sociedade, com vistas \u00e0 viv\u00eancia da Proposta educacional da nossa Escola, como pertencente \u00e0 Rede ICM de Educa\u00e7\u00e3o.<\/p>\n<\/div>\n<\/div><\/div><\/div><\/div><\/div><div class=\"w-tabs-section\" id=\"mf45\"><button aria-controls=\"content-mf45\" class=\"w-tabs-section-header\"><div class=\"w-tabs-section-title\">FINANCEIRO<\/div><div class=\"w-tabs-section-control\"><\/div><\/button><div  class=\"w-tabs-section-content\" id=\"content-mf45\" aria-expanded=\"false\"><div class=\"w-tabs-section-content-h i-cf\"><div class=\"wpb_text_column\"><div class=\"wpb_wrapper\"><div class=\"vc_col-sm-9 wpb_column vc_column_container\">\n<div class=\"vc_column-inner\">\n<div class=\"wpb_wrapper\">\n<div class=\"wpb_text_column\">\n<div class=\"wpb_wrapper\">\n<h4 style=\"text-align: justify\">Hor\u00e1rio de atendimento<\/h4>\n<div class=\"l-main\">\n<div class=\"l-main-h i-cf\">\n<div class=\"l-content\">\n<section class=\"l-section\">\n<div class=\"l-section-h i-cf\">\n<p style=\"text-align: justify\"><strong>Ter\u00e7a e Quinta-feira:\u00a0 \u00a0 \u00a0 \u00a0 \u00a0 \u00a0 \u00a0 \u00a0 \u00a0 \u00a0 \u00a0 \u00a0\u00a0<\/strong><strong>Turmo Manh\u00e3:<\/strong> 7h30 \u00e0s 11h<\/p>\n<p style=\"text-align: justify\"><strong>Segunda a Sexta-feira:<\/strong>\u00a0 \u00a0 \u00a0 \u00a0 \u00a0 \u00a0 \u00a0 \u00a0 \u00a0 \u00a0 \u00a0<strong>Turno Tarde: <\/strong>13h \u00e0s 17h30min<\/p>\n<p style=\"text-align: justify\"><strong>Respons\u00e1vel:\u00a0<\/strong><br \/>\nMarizete F. de Lima.<\/p>\n<p style=\"text-align: justify\"><strong>E-mail:<\/strong> auxiliadorafw@auxiliadorafw.com.br<\/p>\n<\/div>\n<\/section>\n<\/div>\n<\/div>\n<\/div>\n<\/div>\n<\/div>\n<\/div>\n<\/div>\n<\/div>\n<\/div><\/div><\/div><\/div><\/div><div class=\"w-tabs-section\" id=\"f26e\"><button aria-controls=\"content-f26e\" class=\"w-tabs-section-header\"><div class=\"w-tabs-section-title\">SECRETARIA<\/div><div class=\"w-tabs-section-control\"><\/div><\/button><div  class=\"w-tabs-section-content\" id=\"content-f26e\" aria-expanded=\"false\"><div class=\"w-tabs-section-content-h i-cf\"><div class=\"wpb_text_column\"><div class=\"wpb_wrapper\"><div class=\"vc_col-sm-9 wpb_column vc_column_container\">\n<div class=\"vc_column-inner\">\n<div class=\"wpb_wrapper\">\n<div class=\"wpb_text_column\">\n<div class=\"wpb_wrapper\">\n<h4>Hor\u00e1rio de atendimento:<\/h4>\n<div class=\"l-main\">\n<div class=\"l-main-h i-cf\">\n<div class=\"l-content\">\n<section class=\"l-section\">\n<div class=\"l-section-h i-cf\">\n<p style=\"text-align: justify\"><strong>De segunda a sexta-feira.<\/strong><\/p>\n<p style=\"text-align: justify\"><strong>Turno Manh\u00e3:<\/strong>\u00a008h \u00e0s 11h<\/p>\n<p style=\"text-align: justify\"><strong>Turno Tarde:<\/strong>\u00a013h \u00e0s 17h30min<\/p>\n<p style=\"text-align: justify\"><strong>Secret\u00e1ria: <\/strong>Cristiane Pegoraro<\/p>\n<p style=\"text-align: justify\"><strong>e-mail:<\/strong> secretaria@auxiliadorafw.com.br<\/p>\n<\/div>\n<\/section>\n<\/div>\n<\/div>\n<\/div>\n<\/div>\n<\/div>\n<\/div>\n<\/div>\n<\/div>\n<\/div><\/div><\/div><\/div><\/div><div class=\"w-tabs-section\" id=\"a565\"><button aria-controls=\"content-a565\" class=\"w-tabs-section-header\"><div class=\"w-tabs-section-title\">SERVI\u00c7O DE ORIENTA\u00c7\u00c3O PEDAG\u00d3GICA<\/div><div class=\"w-tabs-section-control\"><\/div><\/button><div  class=\"w-tabs-section-content\" id=\"content-a565\" aria-expanded=\"false\"><div class=\"w-tabs-section-content-h i-cf\"><div class=\"wpb_text_column\"><div class=\"wpb_wrapper\"><div class=\"l-main\">\n<div class=\"l-main-h i-cf\">\n<div class=\"l-content\">\n<section class=\"l-section\">\n<div class=\"l-section-h i-cf\">\n<div align=\"justify\">\n<div class=\"l-section-h i-cf\">\n<p style=\"text-align: justify\"><strong>Educa\u00e7\u00e3o Infantil e Anos Iniciais:<\/strong><\/p>\n<p style=\"text-align: justify\">Emanuele Froner<\/p>\n<p style=\"text-align: justify\">Anilce Arboit<\/p>\n<p style=\"text-align: justify\"><strong> Ensino Fundamental Anos Finais:<\/strong><\/p>\n<p style=\"text-align: justify\">Grazieli Noro Grabowski<\/p>\n<p style=\"text-align: justify\">Contribui na dinamiza\u00e7\u00e3o do Projeto Educativo, assessorando e apoiando Dire\u00e7\u00e3o e educadores na busca de um fazer pedag\u00f3gico comprometido com os princ\u00edpios da Educa\u00e7\u00e3o evang\u00e9lico-libertadora. Assessora os educadores no planejamento, execu\u00e7\u00e3o e avalia\u00e7\u00e3o do processo pedag\u00f3gico, assegurando a unidade de a\u00e7\u00e3o.<\/p>\n<\/div>\n<\/div>\n<\/div>\n<\/section>\n<\/div>\n<\/div>\n<\/div>\n<\/div><\/div><\/div><\/div><\/div><div class=\"w-tabs-section\" id=\"g791\"><button aria-controls=\"content-g791\" class=\"w-tabs-section-header\"><div class=\"w-tabs-section-title\">SERVI\u00c7O DE ORIENTA\u00c7\u00c3O EDUCACIONAL<\/div><div class=\"w-tabs-section-control\"><\/div><\/button><div  class=\"w-tabs-section-content\" id=\"content-g791\" aria-expanded=\"false\"><div class=\"w-tabs-section-content-h i-cf\"><div class=\"wpb_text_column\"><div class=\"wpb_wrapper\"><p style=\"text-align: justify\"><strong>Orientadora educacional:<\/strong><\/p>\n<p style=\"text-align: justify\"><strong>Maria Paula R. de Castro<br \/>\n<\/strong><\/p>\n<p style=\"text-align: justify\">Compete ao SOE o acompanhamento continuo e ajuda na viv\u00eancia de relacionamentos harmoniosos, na supera\u00e7\u00e3o de limites que dificultam o processo de desenvolvimento e na descoberta das potencialidades para o crescimento integral do ser humano. Tamb\u00e9m, na media\u00e7\u00e3o das rela\u00e7\u00f5es da escola com a dire\u00e7\u00e3o, setores, educadores, pais, alunos e funcion\u00e1rios.<\/p>\n<\/div><\/div><\/div><\/div><\/div><div class=\"w-tabs-section\" id=\"k9f5\"><button aria-controls=\"content-k9f5\" class=\"w-tabs-section-header\"><div class=\"w-tabs-section-title\">BIBLIOTECA<\/div><div class=\"w-tabs-section-control\"><\/div><\/button><div  class=\"w-tabs-section-content\" id=\"content-k9f5\" aria-expanded=\"false\"><div class=\"w-tabs-section-content-h i-cf\"><div class=\"wpb_text_column\"><div class=\"wpb_wrapper\"><p style=\"text-align: justify\"><strong>Respons\u00e1veis:<\/strong><br \/>\n\u2013\u00a0Salete Dalla C. Stanga <strong>Turno da manh\u00e3<\/strong><br \/>\n\u2013\u00a0Ligia Candaten <strong>Turno da Tarde<\/strong><\/p>\n<p style=\"text-align: justify\"><b>\u00a0<\/b>A Biblioteca<b> Castro Alves <\/b>tem por objetivo\u00a0<b>i<\/b>ncentivar e despertar na crian\u00e7a o gosto pela leitura e auxiliar na pesquisa, orientando e aproximando os alunos, professores e demais membros da comunidade escolar da informa\u00e7\u00e3o.<\/p>\n<p style=\"text-align: justify\"><b>A biblioteca se responsabiliza pela presta\u00e7\u00e3o dos seguintes servi\u00e7os:<\/b><\/p>\n<p style=\"text-align: justify\">_ Empr\u00e9stimo local e domiciliar. _ Orienta\u00e7\u00e3o \u00e0 pesquisa bibliogr\u00e1fica.\u00a0 _ Orienta\u00e7\u00e3o e pesquisa na internet. _ Estimular e orientar nas consultas e leituras. _ Favorecer o acesso aos diversos materiais e servi\u00e7os bibliotec\u00e1rios adequados ao seu aperfei\u00e7oamento e desenvolvimento. _ Proporcionar momentos de leitura, no espa\u00e7o da biblioteca, com a participa\u00e7\u00e3o do professor.\u00a0_ Classificar, registrar e catalogar todo material adquirido pela biblioteca.\u00a0_ Conservar e restaurar obras danificadas.\u00a0_ Manter o controle do acervo da biblioteca.\u00a0_ Cooperar com o curr\u00edculo da escola no atendimento \u00e0s necessidades dos alunos, professores e de toda a comunidade escolar.<\/p>\n<p style=\"text-align: justify\"><strong>Hor\u00e1rio de atendimento:<\/strong><\/p>\n<p style=\"text-align: justify\">Segunda-feira a Sexta-feira<br \/>\nManh\u00e3 \u2013 7 h e 45 min\u00a0\u00e0s\u00a011h50min<br \/>\nTarde \u2013 13h15min \u00e0s 17h<\/p>\n<p style=\"text-align: justify\"><strong>A biblioteca se responsabiliza pela presta\u00e7\u00e3o dos seguintes servi\u00e7os:<\/strong><br \/>\n\u2013 Orienta\u00e7\u00e3o \u00e0 pesquisa bibliogr\u00e1fica.<br \/>\n\u2013 Orienta\u00e7\u00e3o e pesquisa na Internet.<br \/>\n\u2013 Empr\u00e9stimo local e domiciliar.<br \/>\n\u2013 Receber orienta\u00e7\u00f5es quanto \u00e0 normaliza\u00e7\u00e3o de trabalhos escolares Hora do conto e Hora da Leitura<br \/>\n\u2013 Divulga\u00e7\u00e3o das novas aquisi\u00e7\u00f5es da Biblioteca<\/p>\n<\/div><\/div><\/div><\/div><\/div><div class=\"w-tabs-section\" id=\"fbae\"><button aria-controls=\"content-fbae\" class=\"w-tabs-section-header\"><div class=\"w-tabs-section-title\">PASTORAL ESCOLAR<\/div><div class=\"w-tabs-section-control\"><\/div><\/button><div  class=\"w-tabs-section-content\" id=\"content-fbae\" aria-expanded=\"false\"><div class=\"w-tabs-section-content-h i-cf\"><div class=\"wpb_text_column\"><div class=\"wpb_wrapper\"><p style=\"text-align: justify\"><strong>PASTORAL ESCOLAR<\/strong><\/p>\n<p style=\"text-align: justify\">\u00c9 o elo vitalizador e dinamizador da proposta educacional, assessorando a coordena\u00e7\u00e3o pedag\u00f3gica e a Dire\u00e7\u00e3o, afim de que toda a comunidade escolar possa sentir motivada a cultivar os valores crist\u00e3os, oportunizando clima de sensibilidade, e abertura ao di\u00e1logo inter-religioso. \u00c9 o espa\u00e7o para desenvolver uma espiritualidade que d\u00ea sentido a vida, motive a fraternidade e celebre as realiza\u00e7\u00f5es e os sonhos, intensificando o senso da responsabilidade e compromisso entre escola, fam\u00edlia e comunidade. S\u00e3o atividades pr\u00f3prias da Pastoral os momentos de forma\u00e7\u00e3o com alunos, pais e educadores, Palestras, Missas, Celebra\u00e7\u00f5es.<\/p>\n<p><strong>Coordenadora da Pastoral: <\/strong>Cristiane Souza<\/p>\n<\/div><\/div><\/div><\/div><\/div><div class=\"w-tabs-section\" id=\"vdf6\"><button aria-controls=\"content-vdf6\" class=\"w-tabs-section-header\"><div class=\"w-tabs-section-title\">APMAUX<\/div><div class=\"w-tabs-section-control\"><\/div><\/button><div  class=\"w-tabs-section-content\" id=\"content-vdf6\" aria-expanded=\"false\"><div class=\"w-tabs-section-content-h i-cf\"><div class=\"wpb_text_column\"><div class=\"wpb_wrapper\"><h2 style=\"text-align: justify\">Sobre o APMAUX<\/h2>\n<p style=\"text-align: justify\"><strong>APMAUX \u2013<\/strong> <strong>Parceria entre fam\u00edlia, escola e comunidade.<\/strong><\/p>\n<p style=\"text-align: justify\">A participa\u00e7\u00e3o dos pais na vida estudantil dos filhos vai al\u00e9m do comparecimento a reuni\u00f5es e eventos escolares, devendo sair do patamar de assist\u00eancia familiar para o de gest\u00e3o democr\u00e1tica na comunidade escolar. Por meio da Associa\u00e7\u00e3o de Pais e Mestres (APMAUX), as fam\u00edlias tem uma atua\u00e7\u00e3o direta e mais efetiva no processo educacional das crian\u00e7as.<\/p>\n<p style=\"text-align: justify\">A APMAUX foi criada em 30 de maio de 1967, e \u00e9 uma associa\u00e7\u00e3o sem fins lucrativos que representa os interesses comuns dos profissionais e dos pais dos alunos da escola, sempre levando em conta a opini\u00e3o dos mesmos na gest\u00e3o e com o objetivo de impactar positivamente na aprendizagem dos alunos e na qualidade da Educa\u00e7\u00e3o oferecida pela escola. A APMAUX permite que fam\u00edlias e escola dialoguem, promovendo uma integra\u00e7\u00e3o da comunidade com a institui\u00e7\u00e3o de forma democr\u00e1tica.<\/p>\n<p style=\"text-align: justify\"><a href=\"http:\/\/www.educacao.sp.gov.br\/faq\/faq.asp?pesq=1&amp;intCodassun=954&amp;intClass=18&amp;intAgrup=18\">Os<\/a> objetivos da APMAUX s\u00e3o:<\/p>\n<p style=\"text-align: justify\">\u2013 Colaborar com a dire\u00e7\u00e3o da Escola para atingir os objetivos educacionais pretendidos;<\/p>\n<p style=\"text-align: justify\">\u2013 Representar os interesses de pais e familiares em prol da educa\u00e7\u00e3o das crian\u00e7as frente \u00e0 comunidade escolar;<\/p>\n<p style=\"text-align: justify\">\u2013 Favorecer o entrosamento entre pais e professores possibilitando: a melhoria do ensino e aproveitamento escolar de seus filhos; a programa\u00e7\u00e3o de atividades culturais e de lazer;<\/p>\n<p style=\"text-align: justify\">\u2013 Ajudar na promo\u00e7\u00e3o de parcerias da escola com outras entidades, observar o andamento das obras da infraestrutura da escola e definir as aplica\u00e7\u00f5es do dinheiro ganho com os eventos e festas, promovidos pela Associa\u00e7\u00e3o;<\/p>\n<p style=\"text-align: justify\">\u2013 Por fim, contribuir para ampliar o conceito de escola para ser um centro de atividades comunit\u00e1rias.<\/p>\n<p style=\"text-align: justify\">Com esse intuito, juntamente com a Dire\u00e7\u00e3o e os demais segmentos, promove e contribui para a realiza\u00e7\u00e3o de eventos sociais, esportivos, de atualiza\u00e7\u00e3o profissional, assistenciais e recreativos, envolvendo alunos e professores.<\/p>\n<p style=\"text-align: justify\">A APMAUX \u00e9 constitu\u00edda pelos pais de todos os alunos e pelos professores em exerc\u00edcio na Escola, sua diretoria \u00e9 eleita atrav\u00e9s de voto direto pelo prazo de dois anos. Al\u00e9m da diretoria eleita, a Associa\u00e7\u00e3o conta com a ajuda de diversos pais nos eventos que promove, o que edifica ainda mais a parceria fam\u00edlia e escola. A APMAUX acredita que o papel educador \u00e9 de responsabilidade da fam\u00edlia, para que o papel pedag\u00f3gico possa ser exercido pela escola com boa qualidade.\u00a0O caminho e a parceria entre fam\u00edlia e q escola \u00e9 fundamental e ambas precisam se acolher, se entender e se ajudar, para o bem comum da crian\u00e7a que esta sendo preparada como pessoa para viver em sociedade.<\/p>\n<p style=\"text-align: justify\">E com esse pensamento, a APMAUX parabeniza a Escola Nossa Senhora Auxiliadora pelos 72 anos em que auxilia na forma\u00e7\u00e3o de nossas crian\u00e7as e reafirma o seu comprometimento de continuar servindo e auxiliando nas a\u00e7\u00f5es que visem o bem estar da comunidade escolar.<\/p>\n<\/div><\/div><\/div><\/div><\/div><div class=\"w-tabs-section\" id=\"nfa4\"><button aria-controls=\"content-nfa4\" class=\"w-tabs-section-header\"><div class=\"w-tabs-section-title\">ASSESSORIA DE COMUNICA\u00c7\u00c3O<\/div><div class=\"w-tabs-section-control\"><\/div><\/button><div  class=\"w-tabs-section-content\" id=\"content-nfa4\" aria-expanded=\"false\"><div class=\"w-tabs-section-content-h i-cf\"><div class=\"wpb_text_column\"><div class=\"wpb_wrapper\"><section class=\"wpb-content-wrapper\">\n<section class=\"l-section wpb_row height_medium\">\n<div class=\"l-section-h i-cf\">\n<div class=\"g-cols vc_row via_flex valign_top type_default stacking_default\">\n<div class=\"vc_col-sm-12 wpb_column vc_column_container\">\n<div class=\"vc_column-inner\">\n<div class=\"wpb_wrapper\">\n<div class=\"wpb_text_column\">\n<div class=\"wpb_wrapper\">\n<p>A Escola Auxiliadora conta com o setor de assessoria de comunica\u00e7\u00e3o, respons\u00e1vel pela elabora\u00e7\u00e3o de releases e reportagens, fotografias, atualiza\u00e7\u00e3o de redes sociais e site. O setor tamb\u00e9m estabelece rela\u00e7\u00f5es com os meios de comunica\u00e7\u00e3o.<\/p>\n<p>Cristiane Souza e Jeferson Candaten \u2013 inform\u00e1tica@auxiliadorafw.com.br<\/p>\n<\/div>\n<\/div>\n<\/div>\n<\/div>\n<\/div>\n<\/div>\n<\/div>\n<\/section>\n<\/section>\n<\/div><\/div><\/div><\/div><\/div><div class=\"w-tabs-section\" id=\"d130\"><button aria-controls=\"content-d130\" class=\"w-tabs-section-header\"><div class=\"w-tabs-section-title\">SERVI\u00c7OS DE TI<\/div><div class=\"w-tabs-section-control\"><\/div><\/button><div  class=\"w-tabs-section-content\" id=\"content-d130\" aria-expanded=\"false\"><div class=\"w-tabs-section-content-h i-cf\"><div class=\"wpb_text_column\"><div class=\"wpb_wrapper\"><section class=\"l-section height_medium\">\n<div class=\"l-section-h i-cf\">\n<p>O Setor de Tecnologia da Informa\u00e7\u00e3o (TI) \u00e9 respons\u00e1vel pela disponibiliza\u00e7\u00e3o, administra\u00e7\u00e3o e manuten\u00e7\u00e3o dos recursos tecnol\u00f3gicos da Escola Auxiliadora.<\/p>\n<p><strong>Respons\u00e1vel pela\u00a0Inform\u00e1tica<\/strong><\/p>\n<p>Cristiane Souza \u2013 <a href=\"mailto:informatica@auxiliadorafw.com.br\">informatica@auxiliadorafw.com.br<\/a><\/p>\n<\/div>\n<\/section>\n<\/div><\/div><\/div><\/div><\/div><\/div><\/div><\/div><\/div><\/div><\/div><\/section>\n<div class=\"angwp_90620 _ning_cont _ning_hidden _ning_outer _align_center responsive\" data-size=\"300x250\" data-bid=\"90620\" data-aid=\"0\" style=\"max-width:300px; width:100%;height:inherit;\"><div class=\"_ning_label _left\" style=\"\"><\/div><div class=\"_ning_inner\" style=\"\"><\/div><\/div><div class=\"clear\"><\/div><\/section>","protected":false},"excerpt":{"rendered":"DIRE\u00c7\u00c3OFINANCEIROSECRETARIASERVI\u00c7O DE ORIENTA\u00c7\u00c3O PEDAG\u00d3GICASERVI\u00c7O DE ORIENTA\u00c7\u00c3O EDUCACIONALBIBLIOTECAPASTORAL ESCOLARAPMAUXASSESSORIA DE COMUNICA\u00c7\u00c3OSERVI\u00c7OS DE TIDIRE\u00c7\u00c3O DIRE\u00c7\u00c3O: Luciane Bonfanti VICE-DIRE\u00c7\u00c3O: Grazieli Noro Grabowski A\u00a0Dire\u00e7\u00e3o tem como objetivos, coordenar cooperativamente, promover, dinamizar e integrar os Organismos e Setores, unificando e dando coes\u00e3o ao processo, buscando estabelecer rela\u00e7\u00f5es de efetiva participa\u00e7\u00e3o, onde se vivencie experi\u00eancias que sejam antecipadas da Nova sociedade,...","protected":false},"author":49,"featured_media":0,"parent":0,"menu_order":0,"comment_status":"closed","ping_status":"closed","template":"","meta":{"_acf_changed":false,"_monsterinsights_skip_tracking":false,"_monsterinsights_sitenote_active":false,"_monsterinsights_sitenote_note":"","_monsterinsights_sitenote_category":0,"footnotes":""},"class_list":["post-39099","page","type-page","status-publish","hentry"],"acf":[],"_links":{"self":[{"href":"https:\/\/legado.redeicm.org.br\/auxiliadora\/wp-json\/wp\/v2\/pages\/39099"}],"collection":[{"href":"https:\/\/legado.redeicm.org.br\/auxiliadora\/wp-json\/wp\/v2\/pages"}],"about":[{"href":"https:\/\/legado.redeicm.org.br\/auxiliadora\/wp-json\/wp\/v2\/types\/page"}],"author":[{"embeddable":true,"href":"https:\/\/legado.redeicm.org.br\/auxiliadora\/wp-json\/wp\/v2\/users\/49"}],"replies":[{"embeddable":true,"href":"https:\/\/legado.redeicm.org.br\/auxiliadora\/wp-json\/wp\/v2\/comments?post=39099"}],"version-history":[{"count":38,"href":"https:\/\/legado.redeicm.org.br\/auxiliadora\/wp-json\/wp\/v2\/pages\/39099\/revisions"}],"predecessor-version":[{"id":154796,"href":"https:\/\/legado.redeicm.org.br\/auxiliadora\/wp-json\/wp\/v2\/pages\/39099\/revisions\/154796"}],"wp:attachment":[{"href":"https:\/\/legado.redeicm.org.br\/auxiliadora\/wp-json\/wp\/v2\/media?parent=39099"}],"curies":[{"name":"wp","href":"https:\/\/api.w.org\/{rel}","templated":true}]}}